{"id":1992,"date":"2024-03-12T11:20:13","date_gmt":"2024-03-12T11:20:13","guid":{"rendered":"https:\/\/micro-idea.eu\/contacto\/"},"modified":"2025-01-24T10:12:39","modified_gmt":"2025-01-24T10:12:39","slug":"contacto","status":"publish","type":"page","link":"https:\/\/micro-idea.eu\/es\/contacto\/","title":{"rendered":"Contacto"},"content":{"rendered":"\t\t<div data-elementor-type=\"wp-page\" data-elementor-id=\"1992\" class=\"elementor elementor-1992 elementor-86\" data-elementor-post-type=\"page\">\n\t\t\t\t<div class=\"elementor-element elementor-element-b23c4a4 e-flex e-con-boxed e-con e-parent\" data-id=\"b23c4a4\" data-element_type=\"container\" data-e-type=\"container\">\n\t\t\t\t\t<div class=\"e-con-inner\">\n\t\t<div class=\"elementor-element elementor-element-e7e955b e-flex e-con-boxed e-con e-child\" data-id=\"e7e955b\" data-element_type=\"container\" data-e-type=\"container\">\n\t\t\t\t\t<div class=\"e-con-inner\">\n\t\t\t\t<div class=\"elementor-element elementor-element-cf34553 elementor-widget elementor-widget-spacer\" data-id=\"cf34553\" data-element_type=\"widget\" data-e-type=\"widget\" data-widget_type=\"spacer.default\">\n\t\t\t\t<div class=\"elementor-widget-container\">\n\t\t\t\t\t\t\t<div class=\"elementor-spacer\">\n\t\t\t<div class=\"elementor-spacer-inner\"><\/div>\n\t\t<\/div>\n\t\t\t\t\t\t<\/div>\n\t\t\t\t<\/div>\n\t\t\t\t<div class=\"elementor-element elementor-element-fbf775a elementor-widget elementor-widget-image\" data-id=\"fbf775a\" data-element_type=\"widget\" data-e-type=\"widget\" data-widget_type=\"image.default\">\n\t\t\t\t<div class=\"elementor-widget-container\">\n\t\t\t\t\t\t\t\t\t\t\t\t\t\t\t<img fetchpriority=\"high\" decoding=\"async\" width=\"800\" height=\"800\" src=\"https:\/\/micro-idea.eu\/wp-content\/uploads\/2024\/03\/microidea-contact-1024x1024.png\" class=\"attachment-large size-large wp-image-1564\" alt=\"\" srcset=\"https:\/\/micro-idea.eu\/wp-content\/uploads\/2024\/03\/microidea-contact-1024x1024.png 1024w, https:\/\/micro-idea.eu\/wp-content\/uploads\/2024\/03\/microidea-contact-300x300.png 300w, https:\/\/micro-idea.eu\/wp-content\/uploads\/2024\/03\/microidea-contact-150x150.png 150w, https:\/\/micro-idea.eu\/wp-content\/uploads\/2024\/03\/microidea-contact-768x768.png 768w, https:\/\/micro-idea.eu\/wp-content\/uploads\/2024\/03\/microidea-contact-700x700.png 700w, https:\/\/micro-idea.eu\/wp-content\/uploads\/2024\/03\/microidea-contact.png 1200w\" sizes=\"(max-width: 800px) 100vw, 800px\" \/>\t\t\t\t\t\t\t\t\t\t\t\t\t\t\t<\/div>\n\t\t\t\t<\/div>\n\t\t\t\t<div class=\"elementor-element elementor-element-256aa62 elementor-widget elementor-widget-heading\" data-id=\"256aa62\" data-element_type=\"widget\" data-e-type=\"widget\" data-widget_type=\"heading.default\">\n\t\t\t\t<div class=\"elementor-widget-container\">\n\t\t\t\t\t<h2 class=\"elementor-heading-title elementor-size-default\">Contacto<\/h2>\t\t\t\t<\/div>\n\t\t\t\t<\/div>\n\t\t<div class=\"elementor-element elementor-element-4004653 e-flex e-con-boxed e-con e-child\" data-id=\"4004653\" data-element_type=\"container\" data-e-type=\"container\">\n\t\t\t\t\t<div class=\"e-con-inner\">\n\t\t<div class=\"elementor-element elementor-element-a584baa e-flex e-con-boxed e-con e-child\" data-id=\"a584baa\" data-element_type=\"container\" data-e-type=\"container\">\n\t\t\t\t\t<div class=\"e-con-inner\">\n\t\t\t\t<div class=\"elementor-element elementor-element-15f06c1 elementor-widget elementor-widget-heading\" data-id=\"15f06c1\" data-element_type=\"widget\" data-e-type=\"widget\" data-widget_type=\"heading.default\">\n\t\t\t\t<div class=\"elementor-widget-container\">\n\t\t\t\t\t<h2 class=\"elementor-heading-title elementor-size-default\">\u00a1Sigue nuestro viaje!<\/h2>\t\t\t\t<\/div>\n\t\t\t\t<\/div>\n\t\t\t\t<div class=\"elementor-element elementor-element-0c5995e elementor-widget elementor-widget-text-editor\" data-id=\"0c5995e\" data-element_type=\"widget\" data-e-type=\"widget\" data-widget_type=\"text-editor.default\">\n\t\t\t\t<div class=\"elementor-widget-container\">\n\t\t\t\t\t\t\t\t\t<p>Mantente inspirado a trav\u00e9s de las dosis de empoderamiento de las redes sociales y permanece atento a las pr\u00f3ximas actividades.<\/p>\n<p>S\u00edguenos en:<\/p>\n\t\t\t\t\t\t\t\t<\/div>\n\t\t\t\t<\/div>\n\t\t\t\t<div class=\"elementor-element elementor-element-014c3ed elementor-shape-circle e-grid-align-left elementor-grid-0 elementor-widget elementor-widget-social-icons\" data-id=\"014c3ed\" data-element_type=\"widget\" data-e-type=\"widget\" data-widget_type=\"social-icons.default\">\n\t\t\t\t<div class=\"elementor-widget-container\">\n\t\t\t\t\t\t\t<div class=\"elementor-social-icons-wrapper elementor-grid\" role=\"list\">\n\t\t\t\t\t\t\t<span class=\"elementor-grid-item\" role=\"listitem\">\n\t\t\t\t\t<a class=\"elementor-icon elementor-social-icon elementor-social-icon-facebook elementor-repeater-item-8739226\" href=\"https:\/\/www.facebook.com\/microideaproject\" target=\"_blank\" rel=\"noopener\">\n\t\t\t\t\t\t<span class=\"elementor-screen-only\">Facebook<\/span>\n\t\t\t\t\t\t<svg aria-hidden=\"true\" class=\"e-font-icon-svg e-fab-facebook\" viewBox=\"0 0 512 512\" xmlns=\"http:\/\/www.w3.org\/2000\/svg\"><path d=\"M504 256C504 119 393 8 256 8S8 119 8 256c0 123.78 90.69 226.38 209.25 245V327.69h-63V256h63v-54.64c0-62.15 37-96.48 93.67-96.48 27.14 0 55.52 4.84 55.52 4.84v61h-31.28c-30.8 0-40.41 19.12-40.41 38.73V256h68.78l-11 71.69h-57.78V501C413.31 482.38 504 379.78 504 256z\"><\/path><\/svg>\t\t\t\t\t<\/a>\n\t\t\t\t<\/span>\n\t\t\t\t\t\t\t<span class=\"elementor-grid-item\" role=\"listitem\">\n\t\t\t\t\t<a class=\"elementor-icon elementor-social-icon elementor-social-icon-instagram elementor-repeater-item-2422004\" href=\"https:\/\/www.instagram.com\/microidea.project\" target=\"_blank\" rel=\"noopener\">\n\t\t\t\t\t\t<span class=\"elementor-screen-only\">Instagram<\/span>\n\t\t\t\t\t\t<svg aria-hidden=\"true\" class=\"e-font-icon-svg e-fab-instagram\" viewBox=\"0 0 448 512\" xmlns=\"http:\/\/www.w3.org\/2000\/svg\"><path d=\"M224.1 141c-63.6 0-114.9 51.3-114.9 114.9s51.3 114.9 114.9 114.9S339 319.5 339 255.9 287.7 141 224.1 141zm0 189.6c-41.1 0-74.7-33.5-74.7-74.7s33.5-74.7 74.7-74.7 74.7 33.5 74.7 74.7-33.6 74.7-74.7 74.7zm146.4-194.3c0 14.9-12 26.8-26.8 26.8-14.9 0-26.8-12-26.8-26.8s12-26.8 26.8-26.8 26.8 12 26.8 26.8zm76.1 27.2c-1.7-35.9-9.9-67.7-36.2-93.9-26.2-26.2-58-34.4-93.9-36.2-37-2.1-147.9-2.1-184.9 0-35.8 1.7-67.6 9.9-93.9 36.1s-34.4 58-36.2 93.9c-2.1 37-2.1 147.9 0 184.9 1.7 35.9 9.9 67.7 36.2 93.9s58 34.4 93.9 36.2c37 2.1 147.9 2.1 184.9 0 35.9-1.7 67.7-9.9 93.9-36.2 26.2-26.2 34.4-58 36.2-93.9 2.1-37 2.1-147.8 0-184.8zM398.8 388c-7.8 19.6-22.9 34.7-42.6 42.6-29.5 11.7-99.5 9-132.1 9s-102.7 2.6-132.1-9c-19.6-7.8-34.7-22.9-42.6-42.6-11.7-29.5-9-99.5-9-132.1s-2.6-102.7 9-132.1c7.8-19.6 22.9-34.7 42.6-42.6 29.5-11.7 99.5-9 132.1-9s102.7-2.6 132.1 9c19.6 7.8 34.7 22.9 42.6 42.6 11.7 29.5 9 99.5 9 132.1s2.7 102.7-9 132.1z\"><\/path><\/svg>\t\t\t\t\t<\/a>\n\t\t\t\t<\/span>\n\t\t\t\t\t\t\t<span class=\"elementor-grid-item\" role=\"listitem\">\n\t\t\t\t\t<a class=\"elementor-icon elementor-social-icon elementor-social-icon-linkedin elementor-repeater-item-eeaa78f\" href=\"https:\/\/www.linkedin.com\/company\/microidea-project\/\" target=\"_blank\" rel=\"noopener\">\n\t\t\t\t\t\t<span class=\"elementor-screen-only\">Linkedin<\/span>\n\t\t\t\t\t\t<svg aria-hidden=\"true\" class=\"e-font-icon-svg e-fab-linkedin\" viewBox=\"0 0 448 512\" xmlns=\"http:\/\/www.w3.org\/2000\/svg\"><path d=\"M416 32H31.9C14.3 32 0 46.5 0 64.3v383.4C0 465.5 14.3 480 31.9 480H416c17.6 0 32-14.5 32-32.3V64.3c0-17.8-14.4-32.3-32-32.3zM135.4 416H69V202.2h66.5V416zm-33.2-243c-21.3 0-38.5-17.3-38.5-38.5S80.9 96 102.2 96c21.2 0 38.5 17.3 38.5 38.5 0 21.3-17.2 38.5-38.5 38.5zm282.1 243h-66.4V312c0-24.8-.5-56.7-34.5-56.7-34.6 0-39.9 27-39.9 54.9V416h-66.4V202.2h63.7v29.2h.9c8.9-16.8 30.6-34.5 62.9-34.5 67.2 0 79.7 44.3 79.7 101.9V416z\"><\/path><\/svg>\t\t\t\t\t<\/a>\n\t\t\t\t<\/span>\n\t\t\t\t\t\t\t<span class=\"elementor-grid-item\" role=\"listitem\">\n\t\t\t\t\t<a class=\"elementor-icon elementor-social-icon elementor-social-icon-youtube elementor-repeater-item-755c1e9\" href=\"https:\/\/www.youtube.com\/@MicroideaProject\" target=\"_blank\" rel=\"noopener\">\n\t\t\t\t\t\t<span class=\"elementor-screen-only\">Youtube<\/span>\n\t\t\t\t\t\t<svg aria-hidden=\"true\" class=\"e-font-icon-svg e-fab-youtube\" viewBox=\"0 0 576 512\" xmlns=\"http:\/\/www.w3.org\/2000\/svg\"><path d=\"M549.655 124.083c-6.281-23.65-24.787-42.276-48.284-48.597C458.781 64 288 64 288 64S117.22 64 74.629 75.486c-23.497 6.322-42.003 24.947-48.284 48.597-11.412 42.867-11.412 132.305-11.412 132.305s0 89.438 11.412 132.305c6.281 23.65 24.787 41.5 48.284 47.821C117.22 448 288 448 288 448s170.78 0 213.371-11.486c23.497-6.321 42.003-24.171 48.284-47.821 11.412-42.867 11.412-132.305 11.412-132.305s0-89.438-11.412-132.305zm-317.51 213.508V175.185l142.739 81.205-142.739 81.201z\"><\/path><\/svg>\t\t\t\t\t<\/a>\n\t\t\t\t<\/span>\n\t\t\t\t\t<\/div>\n\t\t\t\t\t\t<\/div>\n\t\t\t\t<\/div>\n\t\t\t\t\t<\/div>\n\t\t\t\t<\/div>\n\t\t<div class=\"elementor-element elementor-element-f9fe985 e-flex e-con-boxed e-con e-child\" data-id=\"f9fe985\" data-element_type=\"container\" data-e-type=\"container\">\n\t\t\t\t\t<div class=\"e-con-inner\">\n\t\t\t\t<div class=\"elementor-element elementor-element-313de8b elementor-button-align-stretch elementor-widget elementor-widget-form\" data-id=\"313de8b\" data-element_type=\"widget\" data-e-type=\"widget\" data-settings=\"{&quot;button_width&quot;:&quot;30&quot;,&quot;step_next_label&quot;:&quot;Next&quot;,&quot;step_previous_label&quot;:&quot;Previous&quot;,&quot;step_type&quot;:&quot;number_text&quot;,&quot;step_icon_shape&quot;:&quot;circle&quot;}\" data-widget_type=\"form.default\">\n\t\t\t\t<div class=\"elementor-widget-container\">\n\t\t\t\t\t\t\t<form class=\"elementor-form\" method=\"post\" name=\"Contact Form\" aria-label=\"Contact Form\">\n\t\t\t<input type=\"hidden\" name=\"post_id\" value=\"1992\"\/>\n\t\t\t<input type=\"hidden\" name=\"form_id\" value=\"313de8b\"\/>\n\t\t\t<input type=\"hidden\" name=\"referer_title\" value=\"Contacto - MicroIdea\" \/>\n\n\t\t\t\t\t\t\t<input type=\"hidden\" name=\"queried_id\" value=\"1992\"\/>\n\t\t\t\n\t\t\t<div class=\"elementor-form-fields-wrapper elementor-labels-above\">\n\t\t\t\t\t\t\t\t<div class=\"elementor-field-type-text elementor-field-group elementor-column elementor-field-group-name elementor-col-100\">\n\t\t\t\t\t\t\t\t\t\t\t\t<label for=\"form-field-name\" class=\"elementor-field-label\">\n\t\t\t\t\t\t\t\tNombre\t\t\t\t\t\t\t<\/label>\n\t\t\t\t\t\t\t\t\t\t\t\t\t\t<input size=\"1\" type=\"text\" name=\"form_fields[name]\" id=\"form-field-name\" class=\"elementor-field elementor-size-sm  elementor-field-textual\" placeholder=\"Nombre\">\n\t\t\t\t\t\t\t\t\t\t\t<\/div>\n\t\t\t\t\t\t\t\t<div class=\"elementor-field-type-email elementor-field-group elementor-column elementor-field-group-email elementor-col-100 elementor-field-required\">\n\t\t\t\t\t\t\t\t\t\t\t\t<label for=\"form-field-email\" class=\"elementor-field-label\">\n\t\t\t\t\t\t\t\tEmail\t\t\t\t\t\t\t<\/label>\n\t\t\t\t\t\t\t\t\t\t\t\t\t\t<input size=\"1\" type=\"email\" name=\"form_fields[email]\" id=\"form-field-email\" class=\"elementor-field elementor-size-sm  elementor-field-textual\" placeholder=\"Email\" required=\"required\">\n\t\t\t\t\t\t\t\t\t\t\t<\/div>\n\t\t\t\t\t\t\t\t<div class=\"elementor-field-type-textarea elementor-field-group elementor-column elementor-field-group-message elementor-col-100\">\n\t\t\t\t\t\t\t\t\t\t\t\t<label for=\"form-field-message\" class=\"elementor-field-label\">\n\t\t\t\t\t\t\t\tMensaje\t\t\t\t\t\t\t<\/label>\n\t\t\t\t\t\t<textarea class=\"elementor-field-textual elementor-field  elementor-size-sm\" name=\"form_fields[message]\" id=\"form-field-message\" rows=\"4\" placeholder=\"Mensaje\"><\/textarea>\t\t\t\t<\/div>\n\t\t\t\t<div class=\"elementor-field-type-text elementor-field-group elementor-column elementor-field-group-text elementor-col-100 elementor-field-required\"><input type=\"hidden\" name=\"php_start_time\" value=\"1778057442.6322\" \/><input type=\"hidden\" name=\"js_end_time\" class=\"js_end_time\" value=\"\" \/><input type=\"hidden\" name=\"js_start_time\" class=\"js_start_time\" value=\"\" \/><div class=\"f12-captcha template-2\">\r\n    <div class=\"c-header\">\r\n        <!-- Label correctly linked with `for` -->\r\n        <div class=\"c-label\">\r\n            <label for=\"c_ffb9ac4168d5db781f1c\">\r\n\t\t\t\tCaptcha            <\/label>\r\n        <\/div>\r\n\r\n        <!-- CAPTCHA data with ARIA LIVE region -->\r\n        <div class=\"c-data\" aria-live=\"polite\" aria-atomic=\"true\" aria-describedby=\"captcha-instructions\">\r\n\t\t\t<span class=\"captcha-image\"><img id=\"cpi_69fb00eb160a49.98905337\" alt=\"captcha\" loading=\"eager\" decoding=\"sync\" class=\"no-lazy skip-lazy\" data-skip-lazy=\"true\" data-no-lazy=\"1\" src=\"data:image\/png;base64,iVBORw0KGgoAAAANSUhEUgAAAH0AAAAeCAYAAAAB4BHRAAAACXBIWXMAAA7EAAAOxAGVKw4bAAAN+0lEQVRoge2ae3iU1Z3HPzPzZpjcQzIJIdwiImDBgIDxiE+Bqi\/SbgVXXWvFitjVV626uk+7o3V9fFwecKdqrbVUx+riWkEFRKqgyFQsaPFAUYFySbnGgElIwjAZkslkMpf947wTJjF3CHZ3+T7PPOfMey6\/97y\/87ueA+dwDudwDufwfxCWb4qwlFIDSoHxgBMIAweATUII3zf1Xv8fcNaZLqUsAB4GbgVyO+gSAVYDjwohys7mu7WH+a5Z7X4ZSfXMTtp0IUTDN\/HOPcFZZbqUcjawhFPMLgM+AepQ0j4DGGW2hYC7hRCvmGOnAG8BQbMtUSbqQcAPHAY+EUJsM8ctBWa2GxNsN679syaz\/BlQ0IelDhNCHG239hKUNtsnhIj1Yc4zBu1sEZJS3gC8btLcCfxECPFJB\/1uBJ4FCoElUsqYEOJVIAcY3gt624EfozaYs4+v7TfLALANaDDrAbNen1RPfl7TwVxPA1cBYSnlHtQ3+KtZbhdCdDSmX3BWJF1KWQzsBtKATcDVQohQF\/2HAn9BMT4EXASMBd41u\/wY2AU4zDkTpRO4FLgJsKKYNh04arYn973ed7Lpp7mZqQAuwJfUlm7WrwVGA1uFEJee5jeoMtfTGfYB7wFPCiEqT4dWdzhbTP89cAtKEs4XQtT1YIwAPjX\/vgMsBd4E8J1smv7Myq1HgRhQ4fW4Yu3GzgLWohi\/RghxjW64nSjH8VKgVLNZp0WisbR7r53CoIHpFwghDnTwDu8Ds4A9QohxfVq8mscJ1Jp\/fwmsQDmwE4ASYBLKHwC1yX8ohFjdV3rdoVdMNz1uqxAi3EWfXKDY7LdNSpkFHENJziIhxCM9pffBhxs\/OB5omlnrD7K7vFZaLYja+iCBYBvyPuAJr8f1VOKBbrgdN1857v0TJ0MzjtQG2H24tiLegWnITLVz3bSxjCoaOKS9dOmG23HP7Mlvx+LxWSeDzXVLP9x9H8pU5AJ5SfVcYInX43qpi28yA\/jI\/PtPQoiV7dqtKH\/mCdTGDAMT+suR7bFNT5LWGinlECFEpJOuC4G7UGp8OmoxDrNtbXJH3XAXAgLl8QaB7V6Pq1Xifrf2C62+sTnxVyQNDQEVKDtfADypG268HtdTuuF+CFiw7MPdyWtLMLwcWA5sueuaSZcPcWb+a9J87XHtb9\/5bJZZd6L8kc6wuYs2gJJQOILDroEyS21gOnYbpJTTgf3AUFSEM6+befuE3jhyv0MxvQCl8tYA6IZ7OFDt9bgS4jfbLFeY5fikOcrMMROB54CpKBXcCt1w7wEWej2uZSeD4U+AKwbnZTCuOL+uKC\/DWZCTTnb6gPMTkqkb7p+jNtpjuuH+Lcp+k2rXKsYV5w8fmp\/J9oPHXiqvrv9n4JDX43IBLJgvJyeRDXawXh+Aw26jKC+TQ1X+5eazOuC4WU\/8DnX14QLB5kueXi7Jy06j1h+8TzfcHwKbvB5XGzMnhAhJKd8B7gGu6GrO00GPmS6E2CSlPIAKqeYDa3TD\/TJwOypeDZthVRHK1iZU2KCkaQK64b4FFbZpKEfrTyhvNyH13wKW6ob7ylg8\/j5AbqaD6SXD7UnztEqm1+NapBvu+eZ7lZp0V\/587uUPoNQl0Vj8dZPpU5LmSEtaW0eS7gNwZqcxf9YEgHldOZ9d4VClX8TiUOsPgmLoPUBMN9y7UDkJj9fjSpiXRHzf14ijW3TLdN1w24Ecr8dVg2LWQuD7UsrcR5dsHAsEvR5X4kX\/0Sw3CyGqzXqrk\/XCu5\/PQGkMDfgF8JjX42r9kLrh1lAf5EnUZopA68dqZRJfl8xqFNNzvB5XyLSRc822mvtvu26DbrgrgSLdcI\/1elxlnDI5nTHSBxAMtST+z5JSRmibiMnm64mZaiFEG7V8tC5QDDCqaOChA5UnXkaZvakoJ64E+KluuO\/welzLUJs+saZ+QZdM1w13KcoBqdYN9wTgFeBxwI4Ki5ztXu5as1yR9KwqUamrDy5Efez\/9HpcD7en5\/W4IsCvdcN9FJWIuR3geKCJWDyuWS3K70yWON1wF6G8X4ADUsoMlOlImJWnzVIC16G0QY+Z3tTc6rq83Um\/9mij6qWUIxf\/YZsGMHZ43vrnH7tzEbDI3ODTAAO4Efjv\/\/jNsmpULA8qYukXdMl0r8e1VTfcb6A+\/mIhxDwp5XrgeygVXwDsAbU41C6NAauSptkDUFcfpLklWopS6Y93Q3eVbrj\/CFw1IMUWaW6Jar5AU9iZnWY3ae04dqKBvRXH0z7d\/dXQYHOLIy8r1f\/A9aXPoVR4IvzZACS8+i0opl8GvMopzdGRPcfrcfl1w00oHOFg5Qn8DaHyQDDc0NAUjjWGwjSGWqxNzREtFI7YJ48uXP2dicWfokLSNna6xt9YeszXiGazMHn04DtNT34nsAPl1C1YtPTPWlM4cp3FYnkbtRnrgAVdfaPTQU9s+k9QtvZW3XCvBV4GvheNxRP2MZFJSkj51nYpyM1ApKImkKC1Plmld4G3gatsVosV4I+fl2O1QG19kLr6YEkkGm\/t6MxO5Va9JAcVKYD6aC8AjyelPLeaZalZdifpWC2WYCweT3vlg52gwtAOseGLL\/\/28F03reyorazi+DVxYFh+FprNGkMlmcaipBuAKycVs0YeIBKNZaE0xZye5DL6im6Z7vW4Qrrh\/gEqQ+ZZuPTPFz8y9\/KaxlA4kZNOqPeEPU9W7QghfFLKDTX+xpkAA1JsFZ3RklI6kxZbDpCiWa00w+7y2mRHDqvFUpOemlI2LD9r65ypo7ekOVIiKAaW03F+extKC403\/ZSEpHfOdKslEIvG04bmZ9LQFN7sb2jeg1L77b33PZ3NcexEYylAla+RR5dsXDnEmbnv2xcNaxxXnJ8HTGyJRKduP3gsA2BwbvpRYLIQwt\/ZfGcCPfLevR7XLt1w\/wvgCYUjS4DXGptaEjFulZlxmmr+72jHP22xWGYCjD8vf9qaDjpIKe3mXJXAuiXrdnx2qMpPis0GwMAMR\/A7F49IG5iZWv3ye9sv+OCFf2s9xXq2Z2to0A13GcoETeKUpHeo3k34gMJrxAUUOTMXCyGW9YBUG1T7GoYDhMIRgJu+qjvJGx\/tScx9FNNZHTk4xz9xVOFQ4DMp5bf7MxVr7b6LgtfjehGV2Jjx61V\/iTSEVFg+YlB2OspWWlGq\/WuSLIRYH4nGygBSbLZSKeUtHZAoBCpRiZQ7xwzL8wDkZacCkKJZIxePKqR4ULYvKVroLaRZltIDSbdYTA9eMSyjs36d4fZ\/f95Z4w\/aNZuFH+kXLUM5bctQ68xFee4aMH\/+rAn5KFs\/kq4TQaeNHjPdxB3Aodr64L1\/O3K8EmDM0NzRnAqPVnQ28FDliQcBDladAHV69oSUMjlWrhBCjAAuAar3HTkOwIXDVbjqb2hOzk33FVvM8jJ6IOnxuHLKmppbQIVjvULqAO1mUPZ89NDcj7we14tej2uu1+MaglrnKtRm+q6Z4VxsDp0mpRzdW3o9Ra+Y7vW4AsAPAG3L3spCgGEF2TNQoQd0rNoBqPEH11ugutYfZPuBYxrwEHBMSrni+ddWL73lod8cfu2t97YAHx+sPFF4sMpPuiOFkpGDyEhNIRyJWhuawnB6SYtkZ65bSY\/GYjXQGrZl95ZYKBz5B4ARhTmgpLgVXo9rm9fjuh6lPW\/UDfcNtD2SHUU\/odfn6V6Pa5tuuF3AMwDZ6QNyzKbPhRDlXYyL6Yb7PmDFqo\/LIpFoLDhlzOAs4AaHXSMUjvB771+LLxlbxBf7j8UAq81q\/VGKZt1q1zQvtAyv8QfJSLWfzo2UnSjJHtkYaqlJd6RA15JeA1B5\/CRbyyqvum\/hS1nRaMwZicZzI9FYTjQWy2qJxDLCkWiaMzut4barS3ZxKlnz3JNvyokA5ymmfy3nbmItypO\/Gvgy6Xm\/3bzprXoHwOtx\/QrTu85IbXWq3+zBuJXAojhof9i8L+vxVz8u\/691Ozbs\/bJuXX522p\/icSJb9lYSjkStwM\/eeuaB14QQ+3wnm94DFevTTZ67G\/qJ9PArLZFotyEbykvns33VvPvpflFWcfz+\/V+duPlwtX\/WkdqAqDze8K3a+uDw+sZmZ7C5pRj4PkrrTQwEmy8MBJsLrBYYlp9ZTecCdhFAis1qBe42nwU45X+ccZzOzZkczWb1pWjWxNWnTlV7Mrwe1yO64d4NLIhEYyMPV\/mLO+l6h264V5unbt6J5w+6zZmd5qBrb7sn9OcBLJgvbzYfdTVfxcAMR8gxQIs5UrSwPcUatGu2BnuKrcGu2fwDUjS\/w27zOexaTU6GowolCAEgsGTdjvEAsTg8tVwWjhiUXf+LF5f7h+Vn7RoxKHuz1Wr5YsXGvTk7D9XcCzDn8tEzUecWAE90dXx9uujTJQrdcE8DNhblZVTePXtyESCFEJf1co7EGfIkYDBK4vajkjkPoo5nG4DrvR7XejMsTANCZ+JqkZTyCpQzVyGE6Ez19hm64Z4yxJn5vO9k09im5kgbzz\/FZiVOnESC6bzCbG7\/7sRE8xtCiB+e6fdJRq+Ybh6JPogK0TJmT70gdMmYIgcwty8xbDe0ZqDStfO9HlefVfrfA8zj52mpdm1ONB6fGm6JFgHYrJbYhSOcwTlTR1c67Nou4PX2Fyz6A71i+oLFr4\/ftLNiB2AdOTinZt7VJQVWi+UAMOabvuH5vwlmRjAL8LW\/6nU20NvrUvcfqQk867Br5OekgbrWc2VHt1rP4e8XvXXktg4ryNqFyibtAh4TQvSbl3kO\/YP\/AbFSfw75NgOqAAAAAElFTkSuQmCC\" \/><\/span>        <\/div>\r\n\r\n        <!-- CAPTCHA reload with keyboard accessibility -->\r\n        <div class=\"c-reload\" role=\"button\" tabindex=\"0\" aria-label=\"Actualizar CAPTCHA\">\r\n\t\t\t<a href=\"#\" class=\"cf7 captcha-reload\" style=\"display:inline-flex !important; align-items:center !important; justify-content:center !important; background-color:#2196f3 !important; padding:3px !important; border-radius:3px !important; line-height:0 !important; box-sizing:content-box !important; text-decoration:none !important;\" title=\"Recargar Captcha\"><img decoding=\"async\" style=\"display:block !important; width:16px !important; height:16px !important; max-width:none !important; margin:0 !important; padding:0 !important;\" src=\"https:\/\/micro-idea.eu\/wp-content\/plugins\/captcha-for-contact-form-7\/core\/assets\/reload-icon.png\" alt=\"Recargar\"\/><\/a>        <\/div>\r\n\t\t    <\/div>\r\n\r\n    <!-- Hidden input values -->\r\n    <input type=\"hidden\" id=\"hash_c_ffb9ac4168d5db781f1c\"\r\n           name=\"f12_captcha_hash\"\r\n           value=\"$2y$10$RufT\/znMpd782DfwHXTbmuHlJDVdYaC6xUi9Pin5W4Gd3clzsqkEi\"\/>\r\n\r\n    <!-- Input field with accessibility attributes -->\r\n    <div class=\"\" >\r\n        <input class=\"f12c \"\r\n               data-method=\"image\"                type=\"text\"\r\n               id=\"c_ffb9ac4168d5db781f1c\"\r\n               name=\"f12_captcha\"\r\n               placeholder=\"Captcha\"\r\n               value=\"\"\r\n               aria-required=\"true\"\r\n               aria-describedby=\"captcha-instructions\"\/>\r\n    <\/div>\r\n\r\n    <!-- Screen reader instructions -->\r\n    <p id=\"captcha-instructions\" class=\"screen-reader-text\">\r\n\t\tPor favor, introduce los caracteres que se muestran en el CAPTCHA para verificar que eres humano.    <\/p>\r\n<\/div><\/div>\t\t\t\t<div class=\"elementor-field-type-text\">\n\t\t\t\t\t<input size=\"1\" type=\"text\" name=\"form_fields[field_369ed97]\" id=\"form-field-field_369ed97\" class=\"elementor-field elementor-size-sm \" style=\"display:none !important;\">\t\t\t\t<\/div>\n\t\t\t\t\t\t\t\t<div class=\"elementor-field-group elementor-column elementor-field-type-submit elementor-col-30 e-form__buttons\">\n\t\t\t\t\t<button class=\"elementor-button elementor-size-sm\" type=\"submit\">\n\t\t\t\t\t\t<span class=\"elementor-button-content-wrapper\">\n\t\t\t\t\t\t\t\t\t\t\t\t\t\t\t\t\t\t\t\t\t\t<span class=\"elementor-button-text\">Enviar<\/span>\n\t\t\t\t\t\t\t\t\t\t\t\t\t<\/span>\n\t\t\t\t\t<\/button>\n\t\t\t\t<\/div>\n\t\t\t<\/div>\n\t\t<\/form>\n\t\t\t\t\t\t<\/div>\n\t\t\t\t<\/div>\n\t\t\t\t\t<\/div>\n\t\t\t\t<\/div>\n\t\t\t\t\t<\/div>\n\t\t\t\t<\/div>\n\t\t\t\t<div class=\"elementor-element elementor-element-430bb48 elementor-widget elementor-widget-spacer\" data-id=\"430bb48\" data-element_type=\"widget\" data-e-type=\"widget\" data-widget_type=\"spacer.default\">\n\t\t\t\t<div class=\"elementor-widget-container\">\n\t\t\t\t\t\t\t<div class=\"elementor-spacer\">\n\t\t\t<div class=\"elementor-spacer-inner\"><\/div>\n\t\t<\/div>\n\t\t\t\t\t\t<\/div>\n\t\t\t\t<\/div>\n\t\t\t\t\t<\/div>\n\t\t\t\t<\/div>\n\t\t\t\t\t<\/div>\n\t\t\t\t<\/div>\n\t\t\t\t<\/div>\n\t\t","protected":false},"excerpt":{"rendered":"<p>Contacto \u00a1Sigue nuestro viaje! Mantente inspirado a trav\u00e9s de las dosis de empoderamiento de las redes sociales y permanece atento a las pr\u00f3ximas actividades. S\u00edguenos en: Facebook Instagram Linkedin Youtube<\/p>\n","protected":false},"author":3,"featured_media":0,"parent":0,"menu_order":0,"comment_status":"closed","ping_status":"closed","template":"","meta":{"footnotes":""},"class_list":["post-1992","page","type-page","status-publish","hentry"],"_links":{"self":[{"href":"https:\/\/micro-idea.eu\/es\/wp-json\/wp\/v2\/pages\/1992","targetHints":{"allow":["GET"]}}],"collection":[{"href":"https:\/\/micro-idea.eu\/es\/wp-json\/wp\/v2\/pages"}],"about":[{"href":"https:\/\/micro-idea.eu\/es\/wp-json\/wp\/v2\/types\/page"}],"author":[{"embeddable":true,"href":"https:\/\/micro-idea.eu\/es\/wp-json\/wp\/v2\/users\/3"}],"replies":[{"embeddable":true,"href":"https:\/\/micro-idea.eu\/es\/wp-json\/wp\/v2\/comments?post=1992"}],"version-history":[{"count":1,"href":"https:\/\/micro-idea.eu\/es\/wp-json\/wp\/v2\/pages\/1992\/revisions"}],"predecessor-version":[{"id":1993,"href":"https:\/\/micro-idea.eu\/es\/wp-json\/wp\/v2\/pages\/1992\/revisions\/1993"}],"wp:attachment":[{"href":"https:\/\/micro-idea.eu\/es\/wp-json\/wp\/v2\/media?parent=1992"}],"curies":[{"name":"wp","href":"https:\/\/api.w.org\/{rel}","templated":true}]}}