{"id":3819,"date":"2026-04-21T13:09:51","date_gmt":"2026-04-21T13:09:51","guid":{"rendered":"https:\/\/micro-idea.eu\/microidea-ai-portal\/"},"modified":"2026-04-23T09:33:36","modified_gmt":"2026-04-23T09:33:36","slug":"microidea-ai-portal","status":"publish","type":"page","link":"https:\/\/micro-idea.eu\/es\/microidea-ai-portal\/","title":{"rendered":"MICROIDEA AI Portal"},"content":{"rendered":"\t\t<div data-elementor-type=\"wp-page\" data-elementor-id=\"3819\" class=\"elementor elementor-3819 elementor-3638\" data-elementor-post-type=\"page\">\n\t\t\t\t<div class=\"elementor-element elementor-element-d946605 e-flex e-con-boxed e-con e-parent\" data-id=\"d946605\" data-element_type=\"container\" data-e-type=\"container\">\n\t\t\t\t\t<div class=\"e-con-inner\">\n\t\t\t\t<div class=\"elementor-element elementor-element-931b258 elementor-widget elementor-widget-spacer\" data-id=\"931b258\" data-element_type=\"widget\" data-e-type=\"widget\" data-widget_type=\"spacer.default\">\n\t\t\t\t<div class=\"elementor-widget-container\">\n\t\t\t\t\t\t\t<div class=\"elementor-spacer\">\n\t\t\t<div class=\"elementor-spacer-inner\"><\/div>\n\t\t<\/div>\n\t\t\t\t\t\t<\/div>\n\t\t\t\t<\/div>\n\t\t\t\t<div class=\"elementor-element elementor-element-cb0e8b0 elementor-widget elementor-widget-tp-dynamic-device\" data-id=\"cb0e8b0\" data-element_type=\"widget\" data-e-type=\"widget\" data-widget_type=\"tp-dynamic-device.default\">\n\t\t\t\t<div class=\"elementor-widget-container\">\n\t\t\t\t\t<div class=\"plus-device-wrapper device-type-laptop laptop-macbook-black  \"  ><div class=\"plus-device-inner\"><div class=\"plus-device-content  tp-scroll-img-js\"><div class=\"plus-device-shape\"><img decoding=\"async\" src=\"https:\/\/micro-idea.eu\/wp-content\/plugins\/theplus_elementor_addon\/assets\/images\/devices\/laptop-macbook-black.png\" class=\"plus-device-image\" alt=\"Plus laptop device\"><\/div><div class=\"plus-device-media  tp-img-scrl-enable\"><div class=\"plus-media-inner\"><div class=\"plus-media-screen\"><div class=\"plus-media-screen-inner scroll-image-wrap\"><div class=\"creative-scroll-image\" style=\"background-image: url(https:\/\/micro-idea.eu\/wp-content\/uploads\/2026\/04\/microidea_portal_screenshot_-scaled.png);\"><\/div><\/div><\/div><\/div><\/div><\/div><\/div><\/div>\t\t\t\t<\/div>\n\t\t\t\t<\/div>\n\t\t\t\t<div class=\"elementor-element elementor-element-f2dfbcb elementor-widget elementor-widget-heading\" data-id=\"f2dfbcb\" data-element_type=\"widget\" data-e-type=\"widget\" data-widget_type=\"heading.default\">\n\t\t\t\t<div class=\"elementor-widget-container\">\n\t\t\t\t\t<h2 class=\"elementor-heading-title elementor-size-default\">MICROIDEA AI Portal<\/h2>\t\t\t\t<\/div>\n\t\t\t\t<\/div>\n\t\t\t\t<div class=\"elementor-element elementor-element-af9b6a2 elementor-widget elementor-widget-spacer\" data-id=\"af9b6a2\" data-element_type=\"widget\" data-e-type=\"widget\" data-widget_type=\"spacer.default\">\n\t\t\t\t<div class=\"elementor-widget-container\">\n\t\t\t\t\t\t\t<div class=\"elementor-spacer\">\n\t\t\t<div class=\"elementor-spacer-inner\"><\/div>\n\t\t<\/div>\n\t\t\t\t\t\t<\/div>\n\t\t\t\t<\/div>\n\t\t\t\t<div class=\"elementor-element elementor-element-0ed4014 elementor-widget elementor-widget-text-editor\" data-id=\"0ed4014\" data-element_type=\"widget\" data-e-type=\"widget\" data-widget_type=\"text-editor.default\">\n\t\t\t\t<div class=\"elementor-widget-container\">\n\t\t\t\t\t\t\t\t\t<p><span class=\"TextRun SCXW64450508 BCX0\" lang=\"EN-US\" xml:lang=\"EN-US\" data-contrast=\"auto\"><span class=\"NormalTextRun SpellingErrorV2Themed SCXW64450508 BCX0\">Herramientas<\/span><span class=\"NormalTextRun SCXW64450508 BCX0\">\u00a0<\/span><span class=\"NormalTextRun SpellingErrorV2Themed SCXW64450508 BCX0\">impulsadas<\/span><span class=\"NormalTextRun SCXW64450508 BCX0\">\u00a0<\/span><span class=\"NormalTextRun SpellingErrorV2Themed SCXW64450508 BCX0\">por<\/span><span class=\"NormalTextRun SCXW64450508 BCX0\">\u00a0IA para\u00a0<\/span><span class=\"NormalTextRun SpellingErrorV2Themed SCXW64450508 BCX0\">el<\/span><span class=\"NormalTextRun SCXW64450508 BCX0\">\u00a0<\/span><span class=\"NormalTextRun SpellingErrorV2Themed SCXW64450508 BCX0\">desarrollo<\/span><span class=\"NormalTextRun SCXW64450508 BCX0\">\u00a0de\u00a0<\/span><span class=\"NormalTextRun SpellingErrorV2Themed SCXW64450508 BCX0\">habilidades<\/span><span class=\"NormalTextRun SCXW64450508 BCX0\">\u00a0y\u00a0<\/span><span class=\"NormalTextRun SpellingErrorV2Themed SCXW64450508 BCX0\">an\u00e1lisis<\/span><span class=\"NormalTextRun SCXW64450508 BCX0\">\u00a0del mercado\u00a0<\/span><span class=\"NormalTextRun SpellingErrorV2Themed SCXW64450508 BCX0\">laboral<\/span><\/span><span class=\"EOP SCXW64450508 BCX0\" data-ccp-props=\"{}\">\u00a0<\/span><\/p>\n<p><strong><span class=\"TextRun SCXW176104946 BCX0\" lang=\"EN-US\" xml:lang=\"EN-US\" data-contrast=\"auto\"><span class=\"NormalTextRun SpellingErrorV2Themed SCXW176104946 BCX0\">Descubre<\/span><span class=\"NormalTextRun SCXW176104946 BCX0\">\u00a0<\/span><span class=\"NormalTextRun SpellingErrorV2Themed SCXW176104946 BCX0\">el<\/span><span class=\"NormalTextRun SCXW176104946 BCX0\">\u00a0portal MICROIDEA AI<\/span><\/span><span class=\"EOP SCXW176104946 BCX0\" data-ccp-props=\"{&quot;335559991&quot;:7}\">\u00a0<\/span><\/strong><\/p>\n<p><span data-contrast=\"auto\">El portal MICROIDEA\u00a0ofrece\u00a0un conjunto de\u00a0herramientas\u00a0impulsadas\u00a0por\u00a0IA\u00a0que\u00a0apoyan\u00a0a\u00a0los\u00a0buscadores\u00a0de\u00a0empleo,\u00a0profesionales\u00a0de la\u00a0formaci\u00f3n\u00a0VET y\u00a0organizaciones.<\/span><\/p>\n<p><span data-contrast=\"auto\">A\u00a0trav\u00e9s\u00a0de la\u00a0plataforma,\u00a0los\u00a0usuarios\u00a0pueden:<\/span><\/p>\n<ul>\n<li>\u00a0<span data-contrast=\"auto\">Acceder a informaci\u00f3n basada en datos del mercado laboral en tiempo real<\/span><\/li>\n<li><span data-contrast=\"auto\">Recibir recomendaciones personalizadas sobre carrera y formaci\u00f3n<\/span><\/li>\n<li><span data-contrast=\"auto\">Utilizar herramientas dise\u00f1adas para entrenadores, consultores y asesores<\/span><span data-ccp-props=\"{}\">\u00a0<\/span><\/li>\n<\/ul>\n<p><span data-contrast=\"auto\">El portal conecta las habilidades con las necesidades del mercado laboral, apoyando decisiones informadas para la educaci\u00f3n y el empleo.<\/span><span data-ccp-props=\"{}\">\u00a0<\/span><\/p>\n\t\t\t\t\t\t\t\t<\/div>\n\t\t\t\t<\/div>\n\t\t<div class=\"elementor-element elementor-element-a478f9d e-con-full e-flex e-con e-child\" data-id=\"a478f9d\" data-element_type=\"container\" data-e-type=\"container\">\n\t\t<div class=\"elementor-element elementor-element-e9ceeb5 e-con-full e-flex e-con e-child\" data-id=\"e9ceeb5\" data-element_type=\"container\" data-e-type=\"container\">\n\t\t\t\t<div class=\"elementor-element elementor-element-402fc0c elementor-align-center elementor-widget elementor-widget-button\" data-id=\"402fc0c\" data-element_type=\"widget\" data-e-type=\"widget\" data-widget_type=\"button.default\">\n\t\t\t\t<div class=\"elementor-widget-container\">\n\t\t\t\t\t\t\t\t\t<div class=\"elementor-button-wrapper\">\n\t\t\t\t\t<a class=\"elementor-button elementor-button-link elementor-size-sm\" href=\"http:\/\/portal.micro-idea.eu\" target=\"_blank\">\n\t\t\t\t\t\t<span class=\"elementor-button-content-wrapper\">\n\t\t\t\t\t\t\t\t\t<span class=\"elementor-button-text\">Accede al Portal <\/span>\n\t\t\t\t\t<\/span>\n\t\t\t\t\t<\/a>\n\t\t\t\t<\/div>\n\t\t\t\t\t\t\t\t<\/div>\n\t\t\t\t<\/div>\n\t\t\t\t<\/div>\n\t\t<div class=\"elementor-element elementor-element-944f082 e-con-full e-flex e-con e-child\" data-id=\"944f082\" data-element_type=\"container\" data-e-type=\"container\">\n\t\t\t\t<div class=\"elementor-element elementor-element-b2e7c9f elementor-align-center elementor-widget elementor-widget-button\" data-id=\"b2e7c9f\" data-element_type=\"widget\" data-e-type=\"widget\" data-widget_type=\"button.default\">\n\t\t\t\t<div class=\"elementor-widget-container\">\n\t\t\t\t\t\t\t\t\t<div class=\"elementor-button-wrapper\">\n\t\t\t\t\t<a class=\"elementor-button elementor-button-link elementor-size-sm\" href=\"#howitworks\">\n\t\t\t\t\t\t<span class=\"elementor-button-content-wrapper\">\n\t\t\t\t\t\t\t\t\t<span class=\"elementor-button-text\">Aprende m\u00e1s sobre las herramientas <\/span>\n\t\t\t\t\t<\/span>\n\t\t\t\t\t<\/a>\n\t\t\t\t<\/div>\n\t\t\t\t\t\t\t\t<\/div>\n\t\t\t\t<\/div>\n\t\t\t\t<\/div>\n\t\t\t\t<\/div>\n\t\t\t\t<div class=\"elementor-element elementor-element-dbefcca elementor-widget elementor-widget-spacer\" data-id=\"dbefcca\" data-element_type=\"widget\" data-e-type=\"widget\" data-widget_type=\"spacer.default\">\n\t\t\t\t<div class=\"elementor-widget-container\">\n\t\t\t\t\t\t\t<div class=\"elementor-spacer\">\n\t\t\t<div class=\"elementor-spacer-inner\"><\/div>\n\t\t<\/div>\n\t\t\t\t\t\t<\/div>\n\t\t\t\t<\/div>\n\t\t\t\t\t<\/div>\n\t\t\t\t<\/div>\n\t\t<div class=\"elementor-element elementor-element-d93ed16 e-flex e-con-boxed e-con e-parent\" data-id=\"d93ed16\" data-element_type=\"container\" data-e-type=\"container\" id=\"howitworks\">\n\t\t\t\t\t<div class=\"e-con-inner\">\n\t\t\t\t<div class=\"elementor-element elementor-element-d973657 elementor-widget elementor-widget-spacer\" data-id=\"d973657\" data-element_type=\"widget\" data-e-type=\"widget\" data-widget_type=\"spacer.default\">\n\t\t\t\t<div class=\"elementor-widget-container\">\n\t\t\t\t\t\t\t<div class=\"elementor-spacer\">\n\t\t\t<div class=\"elementor-spacer-inner\"><\/div>\n\t\t<\/div>\n\t\t\t\t\t\t<\/div>\n\t\t\t\t<\/div>\n\t\t\t\t<div class=\"elementor-element elementor-element-e03c0e7 elementor-widget elementor-widget-heading\" data-id=\"e03c0e7\" data-element_type=\"widget\" data-e-type=\"widget\" data-widget_type=\"heading.default\">\n\t\t\t\t<div class=\"elementor-widget-container\">\n\t\t\t\t\t<h3 class=\"elementor-heading-title elementor-size-default\">C\u00f3mo Funciona la Plataforma MICROIDEA <\/h3>\t\t\t\t<\/div>\n\t\t\t\t<\/div>\n\t\t\t\t<div class=\"elementor-element elementor-element-ba74e7d elementor-widget elementor-widget-text-editor\" data-id=\"ba74e7d\" data-element_type=\"widget\" data-e-type=\"widget\" data-widget_type=\"text-editor.default\">\n\t\t\t\t<div class=\"elementor-widget-container\">\n\t\t\t\t\t\t\t\t\t<p>La plataforma MICROIDEA integra tecnolog\u00edas de IA para apoyar a diferentes grupos de usuarios a trav\u00e9s de herramientas pr\u00e1cticas para el an\u00e1lisis del mercado laboral, la orientaci\u00f3n profesional y el apoyo a los estudiantes.<\/p>\n\t\t\t\t\t\t\t\t<\/div>\n\t\t\t\t<\/div>\n\t\t\t\t<div class=\"elementor-element elementor-element-598d36f elementor-widget elementor-widget-spacer\" data-id=\"598d36f\" data-element_type=\"widget\" data-e-type=\"widget\" data-widget_type=\"spacer.default\">\n\t\t\t\t<div class=\"elementor-widget-container\">\n\t\t\t\t\t\t\t<div class=\"elementor-spacer\">\n\t\t\t<div class=\"elementor-spacer-inner\"><\/div>\n\t\t<\/div>\n\t\t\t\t\t\t<\/div>\n\t\t\t\t<\/div>\n\t\t<div class=\"elementor-element elementor-element-70673d7 e-grid e-con-full e-con e-child\" data-id=\"70673d7\" data-element_type=\"container\" data-e-type=\"container\">\n\t\t<div class=\"elementor-element elementor-element-141df5d e-con-full e-flex e-con e-child\" data-id=\"141df5d\" data-element_type=\"container\" data-e-type=\"container\" data-settings=\"{&quot;background_background&quot;:&quot;gradient&quot;}\">\n\t\t\t\t<div class=\"elementor-element elementor-element-0d6ef6e elementor-widget elementor-widget-heading\" data-id=\"0d6ef6e\" data-element_type=\"widget\" data-e-type=\"widget\" data-widget_type=\"heading.default\">\n\t\t\t\t<div class=\"elementor-widget-container\">\n\t\t\t\t\t<h4 class=\"elementor-heading-title elementor-size-default\">An\u00e1lisis de Datos del Mercado Laboral<\/h4>\t\t\t\t<\/div>\n\t\t\t\t<\/div>\n\t\t\t\t<div class=\"elementor-element elementor-element-e0b288d elementor-widget elementor-widget-text-editor\" data-id=\"e0b288d\" data-element_type=\"widget\" data-e-type=\"widget\" data-widget_type=\"text-editor.default\">\n\t\t\t\t<div class=\"elementor-widget-container\">\n\t\t\t\t\t\t\t\t\t<p><span data-contrast=\"auto\">La\u00a0plataforma\u00a0recopila\u00a0y\u00a0procesa\u00a0datos\u00a0de\u00a0empleo\u00a0de\u00a0m\u00faltiples\u00a0fuentes\u00a0en\u00a0l\u00ednea. Analiza las\u00a0tendencias\u00a0del mercado\u00a0laboral\u00a0e\u00a0identifica\u00a0las\u00a0habilidades\u00a0y\u00a0requisitos\u00a0de las\u00a0ofertas\u00a0de\u00a0trabajo.<\/span><span data-ccp-props=\"{}\">\u00a0<\/span><\/p>\n<p><b><span data-contrast=\"auto\">Puntos clave<\/span><\/b><\/p>\n<ul>\n<li><span data-contrast=\"auto\">Recopilaci\u00f3n de datos relacionados con el empleo de fuentes en l\u00ednea<\/span><\/li>\n<li><span data-contrast=\"auto\">Limpieza, preprocesamiento y estandarizaci\u00f3n de datos<\/span><\/li>\n<li><span data-contrast=\"auto\">An\u00e1lisis de ofertas de trabajo basado en IA<\/span><\/li>\n<li><span data-contrast=\"auto\">Clasificaci\u00f3n utilizando las taxonom\u00edas ESCO y NACE<\/span><span data-ccp-props=\"{}\">\u00a0<\/span><\/li>\n<\/ul>\n\t\t\t\t\t\t\t\t<\/div>\n\t\t\t\t<\/div>\n\t\t\t\t<div class=\"elementor-element elementor-element-a5ec9cf elementor-align-center elementor-widget elementor-widget-button\" data-id=\"a5ec9cf\" data-element_type=\"widget\" data-e-type=\"widget\" data-widget_type=\"button.default\">\n\t\t\t\t<div class=\"elementor-widget-container\">\n\t\t\t\t\t\t\t\t\t<div class=\"elementor-button-wrapper\">\n\t\t\t\t\t<a class=\"elementor-button elementor-button-link elementor-size-sm\" href=\"#elementor-action%3Aaction%3Dpopup%3Aopen%26settings%3DeyJpZCI6MzgyMSwidG9nZ2xlIjpmYWxzZX0%3D\">\n\t\t\t\t\t\t<span class=\"elementor-button-content-wrapper\">\n\t\t\t\t\t\t\t\t\t<span class=\"elementor-button-text\">Leer m\u00e1s <\/span>\n\t\t\t\t\t<\/span>\n\t\t\t\t\t<\/a>\n\t\t\t\t<\/div>\n\t\t\t\t\t\t\t\t<\/div>\n\t\t\t\t<\/div>\n\t\t\t\t<\/div>\n\t\t<div class=\"elementor-element elementor-element-d28528a e-con-full e-flex e-con e-child\" data-id=\"d28528a\" data-element_type=\"container\" data-e-type=\"container\" data-settings=\"{&quot;background_background&quot;:&quot;gradient&quot;}\">\n\t\t\t\t<div class=\"elementor-element elementor-element-13f44c0 elementor-widget elementor-widget-heading\" data-id=\"13f44c0\" data-element_type=\"widget\" data-e-type=\"widget\" data-widget_type=\"heading.default\">\n\t\t\t\t<div class=\"elementor-widget-container\">\n\t\t\t\t\t<h4 class=\"elementor-heading-title elementor-size-default\">Apoyo a los demandantes de empleo <\/h4>\t\t\t\t<\/div>\n\t\t\t\t<\/div>\n\t\t\t\t<div class=\"elementor-element elementor-element-14850cd elementor-widget elementor-widget-text-editor\" data-id=\"14850cd\" data-element_type=\"widget\" data-e-type=\"widget\" data-widget_type=\"text-editor.default\">\n\t\t\t\t<div class=\"elementor-widget-container\">\n\t\t\t\t\t\t\t\t\t<p>La plataforma ayuda a los demandantes de empleo a crear su perfil y a recibir recomendaciones personalizadas sobre carreras y formaci\u00f3n basadas en su trayectoria y su CV.<\/p>\n<p><strong>Puntos clave<\/strong><\/p>\n<ul>\n<li>Creaci\u00f3n de cuenta e inicio de sesi\u00f3n<\/li>\n<li>Introducci\u00f3n de informaci\u00f3n b\u00e1sica del usuario<\/li>\n<li>Carga del CV<\/li>\n<li>Creaci\u00f3n autom\u00e1tica de un resumen del CV en l\u00ednea<\/li>\n<li>Formaci\u00f3n impulsada por IA<\/li>\n<li>Recomendaciones<\/li>\n<li>Recomendaciones profesionales impulsadas por IA<\/li>\n<\/ul>\n\t\t\t\t\t\t\t\t<\/div>\n\t\t\t\t<\/div>\n\t\t\t\t<div class=\"elementor-element elementor-element-ffa9ec9 elementor-align-center elementor-widget elementor-widget-button\" data-id=\"ffa9ec9\" data-element_type=\"widget\" data-e-type=\"widget\" data-widget_type=\"button.default\">\n\t\t\t\t<div class=\"elementor-widget-container\">\n\t\t\t\t\t\t\t\t\t<div class=\"elementor-button-wrapper\">\n\t\t\t\t\t<a class=\"elementor-button elementor-button-link elementor-size-sm\" href=\"#elementor-action%3Aaction%3Dpopup%3Aopen%26settings%3DeyJpZCI6MzgyMywidG9nZ2xlIjpmYWxzZX0%3D\">\n\t\t\t\t\t\t<span class=\"elementor-button-content-wrapper\">\n\t\t\t\t\t\t\t\t\t<span class=\"elementor-button-text\">Leer m\u00e1s <\/span>\n\t\t\t\t\t<\/span>\n\t\t\t\t\t<\/a>\n\t\t\t\t<\/div>\n\t\t\t\t\t\t\t\t<\/div>\n\t\t\t\t<\/div>\n\t\t\t\t<\/div>\n\t\t<div class=\"elementor-element elementor-element-2fa9281 e-con-full e-flex e-con e-child\" data-id=\"2fa9281\" data-element_type=\"container\" data-e-type=\"container\" data-settings=\"{&quot;background_background&quot;:&quot;gradient&quot;}\">\n\t\t\t\t<div class=\"elementor-element elementor-element-01d3706 elementor-widget elementor-widget-heading\" data-id=\"01d3706\" data-element_type=\"widget\" data-e-type=\"widget\" data-widget_type=\"heading.default\">\n\t\t\t\t<div class=\"elementor-widget-container\">\n\t\t\t\t\t<h4 class=\"elementor-heading-title elementor-size-default\">Herramientas para Entrenadores y Consultores<\/h4>\t\t\t\t<\/div>\n\t\t\t\t<\/div>\n\t\t\t\t<div class=\"elementor-element elementor-element-c3d0ee7 elementor-widget elementor-widget-text-editor\" data-id=\"c3d0ee7\" data-element_type=\"widget\" data-e-type=\"widget\" data-widget_type=\"text-editor.default\">\n\t\t\t\t<div class=\"elementor-widget-container\">\n\t\t\t\t\t\t\t\t\t<p>La plataforma tambi\u00e9n apoya a entrenadores, consultores y asesores al ofrecerles acceso a informaci\u00f3n \u00fatil y recomendaciones para guiar a los estudiantes de manera m\u00e1s efectiva.<\/p>\n<p><strong>Puntos clave<\/strong><\/p>\n<ul>\n<li>Visi\u00f3n general de los perfiles de los usuarios<\/li>\n<li>Acceso a recomendaciones de formaci\u00f3n<\/li>\n<li>Visualizaci\u00f3n de los m\u00f3dulos de formaci\u00f3n inscritos<\/li>\n<li>Descarga de recomendaciones de empleo<\/li>\n<\/ul>\n\t\t\t\t\t\t\t\t<\/div>\n\t\t\t\t<\/div>\n\t\t\t\t<div class=\"elementor-element elementor-element-932f826 elementor-align-center elementor-widget elementor-widget-button\" data-id=\"932f826\" data-element_type=\"widget\" data-e-type=\"widget\" data-widget_type=\"button.default\">\n\t\t\t\t<div class=\"elementor-widget-container\">\n\t\t\t\t\t\t\t\t\t<div class=\"elementor-button-wrapper\">\n\t\t\t\t\t<a class=\"elementor-button elementor-button-link elementor-size-sm\" href=\"#elementor-action%3Aaction%3Dpopup%3Aopen%26settings%3DeyJpZCI6MzgyNSwidG9nZ2xlIjpmYWxzZX0%3D\">\n\t\t\t\t\t\t<span class=\"elementor-button-content-wrapper\">\n\t\t\t\t\t\t\t\t\t<span class=\"elementor-button-text\">Leer m\u00e1s <\/span>\n\t\t\t\t\t<\/span>\n\t\t\t\t\t<\/a>\n\t\t\t\t<\/div>\n\t\t\t\t\t\t\t\t<\/div>\n\t\t\t\t<\/div>\n\t\t\t\t<\/div>\n\t\t\t\t<\/div>\n\t\t\t\t<div class=\"elementor-element elementor-element-a3fc6a9 elementor-widget elementor-widget-spacer\" data-id=\"a3fc6a9\" data-element_type=\"widget\" data-e-type=\"widget\" data-widget_type=\"spacer.default\">\n\t\t\t\t<div class=\"elementor-widget-container\">\n\t\t\t\t\t\t\t<div class=\"elementor-spacer\">\n\t\t\t<div class=\"elementor-spacer-inner\"><\/div>\n\t\t<\/div>\n\t\t\t\t\t\t<\/div>\n\t\t\t\t<\/div>\n\t\t\t\t\t<\/div>\n\t\t\t\t<\/div>\n\t\t\t\t<\/div>\n\t\t","protected":false},"excerpt":{"rendered":"<p>MICROIDEA AI Portal Herramientas\u00a0impulsadas\u00a0por\u00a0IA para\u00a0el\u00a0desarrollo\u00a0de\u00a0habilidades\u00a0y\u00a0an\u00e1lisis\u00a0del mercado\u00a0laboral\u00a0 Descubre\u00a0el\u00a0portal MICROIDEA AI\u00a0 El portal MICROIDEA\u00a0ofrece\u00a0un conjunto de\u00a0herramientas\u00a0impulsadas\u00a0por\u00a0IA\u00a0que\u00a0apoyan\u00a0a\u00a0los\u00a0buscadores\u00a0de\u00a0empleo,\u00a0profesionales\u00a0de la\u00a0formaci\u00f3n\u00a0VET y\u00a0organizaciones. A\u00a0trav\u00e9s\u00a0de la\u00a0plataforma,\u00a0los\u00a0usuarios\u00a0pueden: \u00a0Acceder a informaci\u00f3n basada en datos del mercado laboral en tiempo real Recibir recomendaciones personalizadas sobre carrera y formaci\u00f3n Utilizar herramientas dise\u00f1adas para entrenadores, consultores y asesores\u00a0 El portal conecta las habilidades con las necesidades del mercado [&hellip;]<\/p>\n","protected":false},"author":2,"featured_media":0,"parent":0,"menu_order":0,"comment_status":"closed","ping_status":"closed","template":"","meta":{"footnotes":""},"class_list":["post-3819","page","type-page","status-publish","hentry"],"_links":{"self":[{"href":"https:\/\/micro-idea.eu\/es\/wp-json\/wp\/v2\/pages\/3819","targetHints":{"allow":["GET"]}}],"collection":[{"href":"https:\/\/micro-idea.eu\/es\/wp-json\/wp\/v2\/pages"}],"about":[{"href":"https:\/\/micro-idea.eu\/es\/wp-json\/wp\/v2\/types\/page"}],"author":[{"embeddable":true,"href":"https:\/\/micro-idea.eu\/es\/wp-json\/wp\/v2\/users\/2"}],"replies":[{"embeddable":true,"href":"https:\/\/micro-idea.eu\/es\/wp-json\/wp\/v2\/comments?post=3819"}],"version-history":[{"count":1,"href":"https:\/\/micro-idea.eu\/es\/wp-json\/wp\/v2\/pages\/3819\/revisions"}],"predecessor-version":[{"id":3820,"href":"https:\/\/micro-idea.eu\/es\/wp-json\/wp\/v2\/pages\/3819\/revisions\/3820"}],"wp:attachment":[{"href":"https:\/\/micro-idea.eu\/es\/wp-json\/wp\/v2\/media?parent=3819"}],"curies":[{"name":"wp","href":"https:\/\/api.w.org\/{rel}","templated":true}]}}