{"id":2034,"date":"2024-03-12T11:18:29","date_gmt":"2024-03-12T11:18:29","guid":{"rendered":"https:\/\/micro-idea.eu\/o-nas\/"},"modified":"2025-01-24T11:20:06","modified_gmt":"2025-01-24T11:20:06","slug":"o-nas","status":"publish","type":"page","link":"https:\/\/micro-idea.eu\/pl\/o-nas\/","title":{"rendered":"O nas"},"content":{"rendered":"\t\t<div data-elementor-type=\"wp-page\" data-elementor-id=\"2034\" class=\"elementor elementor-2034 elementor-80\" data-elementor-post-type=\"page\">\n\t\t\t\t<div class=\"elementor-element elementor-element-c9274ee e-flex e-con-boxed e-con e-parent\" data-id=\"c9274ee\" data-element_type=\"container\" data-e-type=\"container\">\n\t\t\t\t\t<div class=\"e-con-inner\">\n\t\t<div class=\"elementor-element elementor-element-9944cb5 e-flex e-con-boxed e-con e-child\" data-id=\"9944cb5\" data-element_type=\"container\" data-e-type=\"container\">\n\t\t\t\t\t<div class=\"e-con-inner\">\n\t\t\t\t<div class=\"elementor-element elementor-element-65b12f7 elementor-widget elementor-widget-spacer\" data-id=\"65b12f7\" data-element_type=\"widget\" data-e-type=\"widget\" data-widget_type=\"spacer.default\">\n\t\t\t\t<div class=\"elementor-widget-container\">\n\t\t\t\t\t\t\t<div class=\"elementor-spacer\">\n\t\t\t<div class=\"elementor-spacer-inner\"><\/div>\n\t\t<\/div>\n\t\t\t\t\t\t<\/div>\n\t\t\t\t<\/div>\n\t\t\t\t<div class=\"elementor-element elementor-element-d7920a5 elementor-widget elementor-widget-image\" data-id=\"d7920a5\" data-element_type=\"widget\" data-e-type=\"widget\" data-widget_type=\"image.default\">\n\t\t\t\t<div class=\"elementor-widget-container\">\n\t\t\t\t\t\t\t\t\t\t\t\t\t\t\t<img fetchpriority=\"high\" decoding=\"async\" width=\"800\" height=\"800\" src=\"https:\/\/micro-idea.eu\/wp-content\/uploads\/2024\/03\/aim-test-02-1024x1024.png\" class=\"attachment-large size-large wp-image-1524\" alt=\"\" srcset=\"https:\/\/micro-idea.eu\/wp-content\/uploads\/2024\/03\/aim-test-02-1024x1024.png 1024w, https:\/\/micro-idea.eu\/wp-content\/uploads\/2024\/03\/aim-test-02-300x300.png 300w, https:\/\/micro-idea.eu\/wp-content\/uploads\/2024\/03\/aim-test-02-150x150.png 150w, https:\/\/micro-idea.eu\/wp-content\/uploads\/2024\/03\/aim-test-02-768x768.png 768w, https:\/\/micro-idea.eu\/wp-content\/uploads\/2024\/03\/aim-test-02-700x700.png 700w, https:\/\/micro-idea.eu\/wp-content\/uploads\/2024\/03\/aim-test-02.png 1200w\" sizes=\"(max-width: 800px) 100vw, 800px\" \/>\t\t\t\t\t\t\t\t\t\t\t\t\t\t\t<\/div>\n\t\t\t\t<\/div>\n\t\t\t\t<div class=\"elementor-element elementor-element-d4b634c elementor-widget elementor-widget-heading\" data-id=\"d4b634c\" data-element_type=\"widget\" data-e-type=\"widget\" data-widget_type=\"heading.default\">\n\t\t\t\t<div class=\"elementor-widget-container\">\n\t\t\t\t\t<h2 class=\"elementor-heading-title elementor-size-default\">Cel<\/h2>\t\t\t\t<\/div>\n\t\t\t\t<\/div>\n\t\t\t\t<div class=\"elementor-element elementor-element-355205f elementor-widget elementor-widget-text-editor\" data-id=\"355205f\" data-element_type=\"widget\" data-e-type=\"widget\" data-widget_type=\"text-editor.default\">\n\t\t\t\t<div class=\"elementor-widget-container\">\n\t\t\t\t\t\t\t\t\t<p>Projekt Microidea powsta\u0142 w okre\u015blonym celu: po jego zako\u0144czeniu dost\u0119pny b\u0119dzie innowacyjny system mikropo\u015bwiadcze\u0144 zgodny z norm\u0105 ISO 17024.<\/p>\n<p>To innowacyjne podej\u015bcie zostanie opracowane i przetestowane przez 5 kraj\u00f3w europejskich. Bb\u0119dzie ono mia\u0142o potencja\u0142, aby sta\u0107 si\u0119 g\u0142\u00f3wnym \u017ar\u00f3d\u0142em poprawy system\u00f3w edukacji i szkole\u0144, a tak\u017ce skuteczno\u015bci polityk i praktyk.<\/p>\n<p>Innowacyjne wyniki projektu b\u0119d\u0105 wdra\u017cane na skal\u0119 europejsk\u0105, co umo\u017cliwi ich przeniesienie do r\u00f3\u017cnych segment\u00f3w demograficznych, sektor\u00f3w i kategorii odbiorc\u00f3w.<\/p>\n<p>Cel ten zostanie osi\u0105gniety poprzez uruchomienie pilota\u017cowych inicjatyw w sektorze turystycznym, kt\u00f3ry jest istotnym elementem gospodarek kraj\u00f3w uczestnicz\u0105cych.<\/p>\n<p>W ten spos\u00f3b Microidea po\u0142\u0105czy mikrokwalifikacje bezpo\u015brednio z rynkiem pracy.<\/p>\n\t\t\t\t\t\t\t\t<\/div>\n\t\t\t\t<\/div>\n\t\t\t\t<div class=\"elementor-element elementor-element-3e72537 elementor-widget elementor-widget-spacer\" data-id=\"3e72537\" data-element_type=\"widget\" data-e-type=\"widget\" data-widget_type=\"spacer.default\">\n\t\t\t\t<div class=\"elementor-widget-container\">\n\t\t\t\t\t\t\t<div class=\"elementor-spacer\">\n\t\t\t<div class=\"elementor-spacer-inner\"><\/div>\n\t\t<\/div>\n\t\t\t\t\t\t<\/div>\n\t\t\t\t<\/div>\n\t\t\t\t<div class=\"elementor-element elementor-element-ee50de0 elementor-widget elementor-widget-heading\" data-id=\"ee50de0\" data-element_type=\"widget\" data-e-type=\"widget\" data-widget_type=\"heading.default\">\n\t\t\t\t<div class=\"elementor-widget-container\">\n\t\t\t\t\t<h2 class=\"elementor-heading-title elementor-size-default\">Wyzwanie<\/h2>\t\t\t\t<\/div>\n\t\t\t\t<\/div>\n\t\t<div class=\"elementor-element elementor-element-237b2e4 e-flex e-con-boxed e-con e-child\" data-id=\"237b2e4\" data-element_type=\"container\" data-e-type=\"container\">\n\t\t\t\t\t<div class=\"e-con-inner\">\n\t\t\t\t<div class=\"elementor-element elementor-element-05b785e elementor-widget elementor-widget-text-editor\" data-id=\"05b785e\" data-element_type=\"widget\" data-e-type=\"widget\" data-widget_type=\"text-editor.default\">\n\t\t\t\t<div class=\"elementor-widget-container\">\n\t\t\t\t\t\t\t\t\t<p>Widoczna jest rosn\u0105ca potrzeba innowacji w systemach edukacji i szkole\u0144, ze szczeg\u00f3lnym naciskiem na kluczow\u0105 rol\u0119 innowacji w nauczaniu i uczeniu si\u0119 zar\u00f3wno na poziomie indywidualnym, jak i instytucjonalnym. Mikro-po\u015bwiadczenia maj\u0105 znacz\u0105cy potencja\u0142 do wspierania uczenia si\u0119 przez ca\u0142e \u017cycie i promowania bardziej inkluzywnych i elastycznych mo\u017cliwo\u015bci uczenia si\u0119. Do kluczowych czynnik\u00f3w nap\u0119dzaj\u0105cych rozw\u00f3j mikropo\u015bwiadcze\u0144 nale\u017c\u0105: \u00a0szybko zmieniaj\u0105cy si\u0119 charakter pracy, zwi\u0119kszone zapotrzebowanie os\u00f3b ucz\u0105cych si\u0119 na kr\u00f3tsze i ukierunkowane do\u015bwiadczenia edukacyjne, pracodawcy poszukuj\u0105cych kandydat\u00f3w o okre\u015blonych umiej\u0119tno\u015bciach, post\u0119p technologiczny w zakresie cyfrowych po\u015bwiadcze\u0144 oraz polityka rz\u0105dowa promuj\u0105ca podnoszenie kwalifikacji w celu zapewnienia globalnej konkurencyjno\u015bci gospodarczej. Og\u00f3lny kierunek wskazuje, i\u017c mikropo\u015bwiadczenia b\u0119d\u0105 odgrywa\u0107 istotn\u0105 rol\u0119 w zaspokajaniu zmieniaj\u0105cych si\u0119 wymaga\u0144 w zakresie edukacji i zatrudnienia.<\/p>\n<p>Cele Microidea s\u0105 nastepuj\u0105ce:<\/p>\n\t\t\t\t\t\t\t\t<\/div>\n\t\t\t\t<\/div>\n\t\t\t\t<div class=\"elementor-element elementor-element-2733f56 elementor-icon-list--layout-traditional elementor-list-item-link-full_width elementor-widget elementor-widget-icon-list\" data-id=\"2733f56\" data-element_type=\"widget\" data-e-type=\"widget\" data-widget_type=\"icon-list.default\">\n\t\t\t\t<div class=\"elementor-widget-container\">\n\t\t\t\t\t\t\t<ul class=\"elementor-icon-list-items\">\n\t\t\t\t\t\t\t<li class=\"elementor-icon-list-item\">\n\t\t\t\t\t\t\t\t\t\t\t<span class=\"elementor-icon-list-icon\">\n\t\t\t\t\t\t\t<svg aria-hidden=\"true\" class=\"e-font-icon-svg e-fas-check\" viewBox=\"0 0 512 512\" xmlns=\"http:\/\/www.w3.org\/2000\/svg\"><path d=\"M173.898 439.404l-166.4-166.4c-9.997-9.997-9.997-26.206 0-36.204l36.203-36.204c9.997-9.998 26.207-9.998 36.204 0L192 312.69 432.095 72.596c9.997-9.997 26.207-9.997 36.204 0l36.203 36.204c9.997 9.997 9.997 26.206 0 36.204l-294.4 294.401c-9.998 9.997-26.207 9.997-36.204-.001z\"><\/path><\/svg>\t\t\t\t\t\t<\/span>\n\t\t\t\t\t\t\t\t\t\t<span class=\"elementor-icon-list-text\">Opracowanie systemu mikropo\u015bwiadcze\u0144, kt\u00f3ry by\u0142by powi\u0105zany z norm\u0105 ISO 17024. <\/span>\n\t\t\t\t\t\t\t\t\t<\/li>\n\t\t\t\t\t\t\t\t<li class=\"elementor-icon-list-item\">\n\t\t\t\t\t\t\t\t\t\t\t<span class=\"elementor-icon-list-icon\">\n\t\t\t\t\t\t\t<svg aria-hidden=\"true\" class=\"e-font-icon-svg e-fas-check\" viewBox=\"0 0 512 512\" xmlns=\"http:\/\/www.w3.org\/2000\/svg\"><path d=\"M173.898 439.404l-166.4-166.4c-9.997-9.997-9.997-26.206 0-36.204l36.203-36.204c9.997-9.998 26.207-9.998 36.204 0L192 312.69 432.095 72.596c9.997-9.997 26.207-9.997 36.204 0l36.203 36.204c9.997 9.997 9.997 26.206 0 36.204l-294.4 294.401c-9.998 9.997-26.207 9.997-36.204-.001z\"><\/path><\/svg>\t\t\t\t\t\t<\/span>\n\t\t\t\t\t\t\t\t\t\t<span class=\"elementor-icon-list-text\">Opracowanie metodologii r\u00f3wnowa\u017cenia krajowych system\u00f3w certyfikacji i mi\u0119dzynarodowego systemu walidacji\/certyfikacji ISO\/IEC 17024. <\/span>\n\t\t\t\t\t\t\t\t\t<\/li>\n\t\t\t\t\t\t\t\t<li class=\"elementor-icon-list-item\">\n\t\t\t\t\t\t\t\t\t\t\t<span class=\"elementor-icon-list-icon\">\n\t\t\t\t\t\t\t<svg aria-hidden=\"true\" class=\"e-font-icon-svg e-fas-check\" viewBox=\"0 0 512 512\" xmlns=\"http:\/\/www.w3.org\/2000\/svg\"><path d=\"M173.898 439.404l-166.4-166.4c-9.997-9.997-9.997-26.206 0-36.204l36.203-36.204c9.997-9.998 26.207-9.998 36.204 0L192 312.69 432.095 72.596c9.997-9.997 26.207-9.997 36.204 0l36.203 36.204c9.997 9.997 9.997 26.206 0 36.204l-294.4 294.401c-9.998 9.997-26.207 9.997-36.204-.001z\"><\/path><\/svg>\t\t\t\t\t\t<\/span>\n\t\t\t\t\t\t\t\t\t\t<span class=\"elementor-icon-list-text\">Zaprojektowanie i wdro\u017cenie narz\u0119dzia wspieraj\u0105cego analiz\u0119 potrzeb w zakresie umiej\u0119tno\u015bci, do kt\u00f3rego dost\u0119p b\u0119dzie otwarty dla wszystkich. <\/span>\n\t\t\t\t\t\t\t\t\t<\/li>\n\t\t\t\t\t\t\t\t<li class=\"elementor-icon-list-item\">\n\t\t\t\t\t\t\t\t\t\t\t<span class=\"elementor-icon-list-icon\">\n\t\t\t\t\t\t\t<svg aria-hidden=\"true\" class=\"e-font-icon-svg e-fas-check\" viewBox=\"0 0 512 512\" xmlns=\"http:\/\/www.w3.org\/2000\/svg\"><path d=\"M173.898 439.404l-166.4-166.4c-9.997-9.997-9.997-26.206 0-36.204l36.203-36.204c9.997-9.998 26.207-9.998 36.204 0L192 312.69 432.095 72.596c9.997-9.997 26.207-9.997 36.204 0l36.203 36.204c9.997 9.997 9.997 26.206 0 36.204l-294.4 294.401c-9.998 9.997-26.207 9.997-36.204-.001z\"><\/path><\/svg>\t\t\t\t\t\t<\/span>\n\t\t\t\t\t\t\t\t\t\t<span class=\"elementor-icon-list-text\">Wdro\u017cenie wprowadzonego systemu mikropo\u015bwiadcze\u0144 dla zawod\u00f3w sektora turystycznego. <\/span>\n\t\t\t\t\t\t\t\t\t<\/li>\n\t\t\t\t\t\t\t\t<li class=\"elementor-icon-list-item\">\n\t\t\t\t\t\t\t\t\t\t\t<span class=\"elementor-icon-list-icon\">\n\t\t\t\t\t\t\t<svg aria-hidden=\"true\" class=\"e-font-icon-svg e-fas-check\" viewBox=\"0 0 512 512\" xmlns=\"http:\/\/www.w3.org\/2000\/svg\"><path d=\"M173.898 439.404l-166.4-166.4c-9.997-9.997-9.997-26.206 0-36.204l36.203-36.204c9.997-9.998 26.207-9.998 36.204 0L192 312.69 432.095 72.596c9.997-9.997 26.207-9.997 36.204 0l36.203 36.204c9.997 9.997 9.997 26.206 0 36.204l-294.4 294.401c-9.998 9.997-26.207 9.997-36.204-.001z\"><\/path><\/svg>\t\t\t\t\t\t<\/span>\n\t\t\t\t\t\t\t\t\t\t<span class=\"elementor-icon-list-text\">Komunikacja, rozpowszechnianie i wykorzystywanie wynik\u00f3w i rezultat\u00f3w projektu, zapewniaj\u0105ce ci\u0105g\u0142o\u015b\u0107 oddzia\u0142ywania projektu i jego wp\u0142yw na odpowiednie polityki europejskie po zako\u0144czeniu realizacji projektu. <\/span>\n\t\t\t\t\t\t\t\t\t<\/li>\n\t\t\t\t\t\t<\/ul>\n\t\t\t\t\t\t<\/div>\n\t\t\t\t<\/div>\n\t\t\t\t\t<\/div>\n\t\t\t\t<\/div>\n\t\t\t\t<div class=\"elementor-element elementor-element-8bc0cd5 elementor-widget elementor-widget-spacer\" data-id=\"8bc0cd5\" data-element_type=\"widget\" data-e-type=\"widget\" data-widget_type=\"spacer.default\">\n\t\t\t\t<div class=\"elementor-widget-container\">\n\t\t\t\t\t\t\t<div class=\"elementor-spacer\">\n\t\t\t<div class=\"elementor-spacer-inner\"><\/div>\n\t\t<\/div>\n\t\t\t\t\t\t<\/div>\n\t\t\t\t<\/div>\n\t\t\t\t\t<\/div>\n\t\t\t\t<\/div>\n\t\t\t\t\t<\/div>\n\t\t\t\t<\/div>\n\t\t\t\t<\/div>\n\t\t","protected":false},"excerpt":{"rendered":"<p>Cel Projekt Microidea powsta\u0142 w okre\u015blonym celu: po jego zako\u0144czeniu dost\u0119pny b\u0119dzie innowacyjny system mikropo\u015bwiadcze\u0144 zgodny z norm\u0105 ISO 17024. To innowacyjne podej\u015bcie zostanie opracowane i przetestowane przez 5 kraj\u00f3w europejskich. Bb\u0119dzie ono mia\u0142o potencja\u0142, aby sta\u0107 si\u0119 g\u0142\u00f3wnym \u017ar\u00f3d\u0142em poprawy system\u00f3w edukacji i szkole\u0144, a tak\u017ce skuteczno\u015bci polityk i praktyk. Innowacyjne wyniki projektu b\u0119d\u0105 [&hellip;]<\/p>\n","protected":false},"author":3,"featured_media":0,"parent":0,"menu_order":0,"comment_status":"closed","ping_status":"closed","template":"","meta":{"footnotes":""},"class_list":["post-2034","page","type-page","status-publish","hentry"],"_links":{"self":[{"href":"https:\/\/micro-idea.eu\/pl\/wp-json\/wp\/v2\/pages\/2034","targetHints":{"allow":["GET"]}}],"collection":[{"href":"https:\/\/micro-idea.eu\/pl\/wp-json\/wp\/v2\/pages"}],"about":[{"href":"https:\/\/micro-idea.eu\/pl\/wp-json\/wp\/v2\/types\/page"}],"author":[{"embeddable":true,"href":"https:\/\/micro-idea.eu\/pl\/wp-json\/wp\/v2\/users\/3"}],"replies":[{"embeddable":true,"href":"https:\/\/micro-idea.eu\/pl\/wp-json\/wp\/v2\/comments?post=2034"}],"version-history":[{"count":1,"href":"https:\/\/micro-idea.eu\/pl\/wp-json\/wp\/v2\/pages\/2034\/revisions"}],"predecessor-version":[{"id":2035,"href":"https:\/\/micro-idea.eu\/pl\/wp-json\/wp\/v2\/pages\/2034\/revisions\/2035"}],"wp:attachment":[{"href":"https:\/\/micro-idea.eu\/pl\/wp-json\/wp\/v2\/media?parent=2034"}],"curies":[{"name":"wp","href":"https:\/\/api.w.org\/{rel}","templated":true}]}}