{"id":2048,"date":"2024-03-12T11:20:13","date_gmt":"2024-03-12T11:20:13","guid":{"rendered":"https:\/\/micro-idea.eu\/kontakt\/"},"modified":"2025-01-24T12:10:25","modified_gmt":"2025-01-24T12:10:25","slug":"kontakt","status":"publish","type":"page","link":"https:\/\/micro-idea.eu\/pl\/kontakt\/","title":{"rendered":"Kontakt"},"content":{"rendered":"\t\t<div data-elementor-type=\"wp-page\" data-elementor-id=\"2048\" class=\"elementor elementor-2048 elementor-86\" data-elementor-post-type=\"page\">\n\t\t\t\t<div class=\"elementor-element elementor-element-b23c4a4 e-flex e-con-boxed e-con e-parent\" data-id=\"b23c4a4\" data-element_type=\"container\" data-e-type=\"container\">\n\t\t\t\t\t<div class=\"e-con-inner\">\n\t\t<div class=\"elementor-element elementor-element-e7e955b e-flex e-con-boxed e-con e-child\" data-id=\"e7e955b\" data-element_type=\"container\" data-e-type=\"container\">\n\t\t\t\t\t<div class=\"e-con-inner\">\n\t\t\t\t<div class=\"elementor-element elementor-element-cf34553 elementor-widget elementor-widget-spacer\" data-id=\"cf34553\" data-element_type=\"widget\" data-e-type=\"widget\" data-widget_type=\"spacer.default\">\n\t\t\t\t<div class=\"elementor-widget-container\">\n\t\t\t\t\t\t\t<div class=\"elementor-spacer\">\n\t\t\t<div class=\"elementor-spacer-inner\"><\/div>\n\t\t<\/div>\n\t\t\t\t\t\t<\/div>\n\t\t\t\t<\/div>\n\t\t\t\t<div class=\"elementor-element elementor-element-fbf775a elementor-widget elementor-widget-image\" data-id=\"fbf775a\" data-element_type=\"widget\" data-e-type=\"widget\" data-widget_type=\"image.default\">\n\t\t\t\t<div class=\"elementor-widget-container\">\n\t\t\t\t\t\t\t\t\t\t\t\t\t\t\t<img fetchpriority=\"high\" decoding=\"async\" width=\"800\" height=\"800\" src=\"https:\/\/micro-idea.eu\/wp-content\/uploads\/2024\/03\/microidea-contact-1024x1024.png\" class=\"attachment-large size-large wp-image-1563\" alt=\"\" srcset=\"https:\/\/micro-idea.eu\/wp-content\/uploads\/2024\/03\/microidea-contact-1024x1024.png 1024w, https:\/\/micro-idea.eu\/wp-content\/uploads\/2024\/03\/microidea-contact-300x300.png 300w, https:\/\/micro-idea.eu\/wp-content\/uploads\/2024\/03\/microidea-contact-150x150.png 150w, https:\/\/micro-idea.eu\/wp-content\/uploads\/2024\/03\/microidea-contact-768x768.png 768w, https:\/\/micro-idea.eu\/wp-content\/uploads\/2024\/03\/microidea-contact-700x700.png 700w, https:\/\/micro-idea.eu\/wp-content\/uploads\/2024\/03\/microidea-contact.png 1200w\" sizes=\"(max-width: 800px) 100vw, 800px\" \/>\t\t\t\t\t\t\t\t\t\t\t\t\t\t\t<\/div>\n\t\t\t\t<\/div>\n\t\t\t\t<div class=\"elementor-element elementor-element-256aa62 elementor-widget elementor-widget-heading\" data-id=\"256aa62\" data-element_type=\"widget\" data-e-type=\"widget\" data-widget_type=\"heading.default\">\n\t\t\t\t<div class=\"elementor-widget-container\">\n\t\t\t\t\t<h2 class=\"elementor-heading-title elementor-size-default\">Skontaktuj si\u0119 z nami<\/h2>\t\t\t\t<\/div>\n\t\t\t\t<\/div>\n\t\t<div class=\"elementor-element elementor-element-4004653 e-flex e-con-boxed e-con e-child\" data-id=\"4004653\" data-element_type=\"container\" data-e-type=\"container\">\n\t\t\t\t\t<div class=\"e-con-inner\">\n\t\t<div class=\"elementor-element elementor-element-a584baa e-flex e-con-boxed e-con e-child\" data-id=\"a584baa\" data-element_type=\"container\" data-e-type=\"container\">\n\t\t\t\t\t<div class=\"e-con-inner\">\n\t\t\t\t<div class=\"elementor-element elementor-element-15f06c1 elementor-widget elementor-widget-heading\" data-id=\"15f06c1\" data-element_type=\"widget\" data-e-type=\"widget\" data-widget_type=\"heading.default\">\n\t\t\t\t<div class=\"elementor-widget-container\">\n\t\t\t\t\t<h2 class=\"elementor-heading-title elementor-size-default\">Obserwuj nasz\u0105 podr\u00f3\u017c!<\/h2>\t\t\t\t<\/div>\n\t\t\t\t<\/div>\n\t\t\t\t<div class=\"elementor-element elementor-element-0c5995e elementor-widget elementor-widget-text-editor\" data-id=\"0c5995e\" data-element_type=\"widget\" data-e-type=\"widget\" data-widget_type=\"text-editor.default\">\n\t\t\t\t<div class=\"elementor-widget-container\">\n\t\t\t\t\t\t\t\t\t<p>Zainspiruj si\u0119 nasyzmi materia\u0142ami na social mediach i obserwuj po wi\u0119cej nadchodz\u0105cych dzia\u0142a\u0144!<\/p>\n<p>Obserwuj nas na:<\/p>\n\t\t\t\t\t\t\t\t<\/div>\n\t\t\t\t<\/div>\n\t\t\t\t<div class=\"elementor-element elementor-element-014c3ed elementor-shape-circle e-grid-align-left elementor-grid-0 elementor-widget elementor-widget-social-icons\" data-id=\"014c3ed\" data-element_type=\"widget\" data-e-type=\"widget\" data-widget_type=\"social-icons.default\">\n\t\t\t\t<div class=\"elementor-widget-container\">\n\t\t\t\t\t\t\t<div class=\"elementor-social-icons-wrapper elementor-grid\" role=\"list\">\n\t\t\t\t\t\t\t<span class=\"elementor-grid-item\" role=\"listitem\">\n\t\t\t\t\t<a class=\"elementor-icon elementor-social-icon elementor-social-icon-facebook elementor-repeater-item-8739226\" href=\"https:\/\/www.facebook.com\/microideaproject\" target=\"_blank\" rel=\"noopener\">\n\t\t\t\t\t\t<span class=\"elementor-screen-only\">Facebook<\/span>\n\t\t\t\t\t\t<svg aria-hidden=\"true\" class=\"e-font-icon-svg e-fab-facebook\" viewBox=\"0 0 512 512\" xmlns=\"http:\/\/www.w3.org\/2000\/svg\"><path d=\"M504 256C504 119 393 8 256 8S8 119 8 256c0 123.78 90.69 226.38 209.25 245V327.69h-63V256h63v-54.64c0-62.15 37-96.48 93.67-96.48 27.14 0 55.52 4.84 55.52 4.84v61h-31.28c-30.8 0-40.41 19.12-40.41 38.73V256h68.78l-11 71.69h-57.78V501C413.31 482.38 504 379.78 504 256z\"><\/path><\/svg>\t\t\t\t\t<\/a>\n\t\t\t\t<\/span>\n\t\t\t\t\t\t\t<span class=\"elementor-grid-item\" role=\"listitem\">\n\t\t\t\t\t<a class=\"elementor-icon elementor-social-icon elementor-social-icon-instagram elementor-repeater-item-2422004\" href=\"https:\/\/www.instagram.com\/microidea.project\" target=\"_blank\" rel=\"noopener\">\n\t\t\t\t\t\t<span class=\"elementor-screen-only\">Instagram<\/span>\n\t\t\t\t\t\t<svg aria-hidden=\"true\" class=\"e-font-icon-svg e-fab-instagram\" viewBox=\"0 0 448 512\" xmlns=\"http:\/\/www.w3.org\/2000\/svg\"><path d=\"M224.1 141c-63.6 0-114.9 51.3-114.9 114.9s51.3 114.9 114.9 114.9S339 319.5 339 255.9 287.7 141 224.1 141zm0 189.6c-41.1 0-74.7-33.5-74.7-74.7s33.5-74.7 74.7-74.7 74.7 33.5 74.7 74.7-33.6 74.7-74.7 74.7zm146.4-194.3c0 14.9-12 26.8-26.8 26.8-14.9 0-26.8-12-26.8-26.8s12-26.8 26.8-26.8 26.8 12 26.8 26.8zm76.1 27.2c-1.7-35.9-9.9-67.7-36.2-93.9-26.2-26.2-58-34.4-93.9-36.2-37-2.1-147.9-2.1-184.9 0-35.8 1.7-67.6 9.9-93.9 36.1s-34.4 58-36.2 93.9c-2.1 37-2.1 147.9 0 184.9 1.7 35.9 9.9 67.7 36.2 93.9s58 34.4 93.9 36.2c37 2.1 147.9 2.1 184.9 0 35.9-1.7 67.7-9.9 93.9-36.2 26.2-26.2 34.4-58 36.2-93.9 2.1-37 2.1-147.8 0-184.8zM398.8 388c-7.8 19.6-22.9 34.7-42.6 42.6-29.5 11.7-99.5 9-132.1 9s-102.7 2.6-132.1-9c-19.6-7.8-34.7-22.9-42.6-42.6-11.7-29.5-9-99.5-9-132.1s-2.6-102.7 9-132.1c7.8-19.6 22.9-34.7 42.6-42.6 29.5-11.7 99.5-9 132.1-9s102.7-2.6 132.1 9c19.6 7.8 34.7 22.9 42.6 42.6 11.7 29.5 9 99.5 9 132.1s2.7 102.7-9 132.1z\"><\/path><\/svg>\t\t\t\t\t<\/a>\n\t\t\t\t<\/span>\n\t\t\t\t\t\t\t<span class=\"elementor-grid-item\" role=\"listitem\">\n\t\t\t\t\t<a class=\"elementor-icon elementor-social-icon elementor-social-icon-linkedin elementor-repeater-item-eeaa78f\" href=\"https:\/\/www.linkedin.com\/company\/microidea-project\/\" target=\"_blank\" rel=\"noopener\">\n\t\t\t\t\t\t<span class=\"elementor-screen-only\">Linkedin<\/span>\n\t\t\t\t\t\t<svg aria-hidden=\"true\" class=\"e-font-icon-svg e-fab-linkedin\" viewBox=\"0 0 448 512\" xmlns=\"http:\/\/www.w3.org\/2000\/svg\"><path d=\"M416 32H31.9C14.3 32 0 46.5 0 64.3v383.4C0 465.5 14.3 480 31.9 480H416c17.6 0 32-14.5 32-32.3V64.3c0-17.8-14.4-32.3-32-32.3zM135.4 416H69V202.2h66.5V416zm-33.2-243c-21.3 0-38.5-17.3-38.5-38.5S80.9 96 102.2 96c21.2 0 38.5 17.3 38.5 38.5 0 21.3-17.2 38.5-38.5 38.5zm282.1 243h-66.4V312c0-24.8-.5-56.7-34.5-56.7-34.6 0-39.9 27-39.9 54.9V416h-66.4V202.2h63.7v29.2h.9c8.9-16.8 30.6-34.5 62.9-34.5 67.2 0 79.7 44.3 79.7 101.9V416z\"><\/path><\/svg>\t\t\t\t\t<\/a>\n\t\t\t\t<\/span>\n\t\t\t\t\t\t\t<span class=\"elementor-grid-item\" role=\"listitem\">\n\t\t\t\t\t<a class=\"elementor-icon elementor-social-icon elementor-social-icon-youtube elementor-repeater-item-755c1e9\" href=\"https:\/\/www.youtube.com\/@MicroideaProject\" target=\"_blank\" rel=\"noopener\">\n\t\t\t\t\t\t<span class=\"elementor-screen-only\">Youtube<\/span>\n\t\t\t\t\t\t<svg aria-hidden=\"true\" class=\"e-font-icon-svg e-fab-youtube\" viewBox=\"0 0 576 512\" xmlns=\"http:\/\/www.w3.org\/2000\/svg\"><path d=\"M549.655 124.083c-6.281-23.65-24.787-42.276-48.284-48.597C458.781 64 288 64 288 64S117.22 64 74.629 75.486c-23.497 6.322-42.003 24.947-48.284 48.597-11.412 42.867-11.412 132.305-11.412 132.305s0 89.438 11.412 132.305c6.281 23.65 24.787 41.5 48.284 47.821C117.22 448 288 448 288 448s170.78 0 213.371-11.486c23.497-6.321 42.003-24.171 48.284-47.821 11.412-42.867 11.412-132.305 11.412-132.305s0-89.438-11.412-132.305zm-317.51 213.508V175.185l142.739 81.205-142.739 81.201z\"><\/path><\/svg>\t\t\t\t\t<\/a>\n\t\t\t\t<\/span>\n\t\t\t\t\t<\/div>\n\t\t\t\t\t\t<\/div>\n\t\t\t\t<\/div>\n\t\t\t\t\t<\/div>\n\t\t\t\t<\/div>\n\t\t<div class=\"elementor-element elementor-element-f9fe985 e-flex e-con-boxed e-con e-child\" data-id=\"f9fe985\" data-element_type=\"container\" data-e-type=\"container\">\n\t\t\t\t\t<div class=\"e-con-inner\">\n\t\t\t\t<div class=\"elementor-element elementor-element-313de8b elementor-button-align-stretch elementor-widget elementor-widget-form\" data-id=\"313de8b\" data-element_type=\"widget\" data-e-type=\"widget\" data-settings=\"{&quot;button_width&quot;:&quot;30&quot;,&quot;step_next_label&quot;:&quot;Next&quot;,&quot;step_previous_label&quot;:&quot;Previous&quot;,&quot;step_type&quot;:&quot;number_text&quot;,&quot;step_icon_shape&quot;:&quot;circle&quot;}\" data-widget_type=\"form.default\">\n\t\t\t\t<div class=\"elementor-widget-container\">\n\t\t\t\t\t\t\t<form class=\"elementor-form\" method=\"post\" name=\"Contact Form\" aria-label=\"Contact Form\">\n\t\t\t<input type=\"hidden\" name=\"post_id\" value=\"2048\"\/>\n\t\t\t<input type=\"hidden\" name=\"form_id\" value=\"313de8b\"\/>\n\t\t\t<input type=\"hidden\" name=\"referer_title\" value=\"Kontakt - MicroIdea\" \/>\n\n\t\t\t\t\t\t\t<input type=\"hidden\" name=\"queried_id\" value=\"2048\"\/>\n\t\t\t\n\t\t\t<div class=\"elementor-form-fields-wrapper elementor-labels-above\">\n\t\t\t\t\t\t\t\t<div class=\"elementor-field-type-text elementor-field-group elementor-column elementor-field-group-name elementor-col-100\">\n\t\t\t\t\t\t\t\t\t\t\t\t<label for=\"form-field-name\" class=\"elementor-field-label\">\n\t\t\t\t\t\t\t\tImi\u0119\t\t\t\t\t\t\t<\/label>\n\t\t\t\t\t\t\t\t\t\t\t\t\t\t<input size=\"1\" type=\"text\" name=\"form_fields[name]\" id=\"form-field-name\" class=\"elementor-field elementor-size-sm  elementor-field-textual\" placeholder=\"Imi\u0119\">\n\t\t\t\t\t\t\t\t\t\t\t<\/div>\n\t\t\t\t\t\t\t\t<div class=\"elementor-field-type-email elementor-field-group elementor-column elementor-field-group-email elementor-col-100 elementor-field-required\">\n\t\t\t\t\t\t\t\t\t\t\t\t<label for=\"form-field-email\" class=\"elementor-field-label\">\n\t\t\t\t\t\t\t\tEmail\t\t\t\t\t\t\t<\/label>\n\t\t\t\t\t\t\t\t\t\t\t\t\t\t<input size=\"1\" type=\"email\" name=\"form_fields[email]\" id=\"form-field-email\" class=\"elementor-field elementor-size-sm  elementor-field-textual\" placeholder=\"Email\" required=\"required\">\n\t\t\t\t\t\t\t\t\t\t\t<\/div>\n\t\t\t\t\t\t\t\t<div class=\"elementor-field-type-textarea elementor-field-group elementor-column elementor-field-group-message elementor-col-100\">\n\t\t\t\t\t\t\t\t\t\t\t\t<label for=\"form-field-message\" class=\"elementor-field-label\">\n\t\t\t\t\t\t\t\tWiadomo\u015b\u0107\t\t\t\t\t\t\t<\/label>\n\t\t\t\t\t\t<textarea class=\"elementor-field-textual elementor-field  elementor-size-sm\" name=\"form_fields[message]\" id=\"form-field-message\" rows=\"4\" placeholder=\"Wiadomo\u015b\u0107\"><\/textarea>\t\t\t\t<\/div>\n\t\t\t\t<div class=\"elementor-field-type-text elementor-field-group elementor-column elementor-field-group-text elementor-col-100 elementor-field-required\"><input type=\"hidden\" name=\"php_start_time\" value=\"1777989198.0202\" \/><input type=\"hidden\" name=\"js_end_time\" class=\"js_end_time\" value=\"\" \/><input type=\"hidden\" name=\"js_start_time\" class=\"js_start_time\" value=\"\" \/><div class=\"f12-captcha template-2\">\r\n    <div class=\"c-header\">\r\n        <!-- Label correctly linked with `for` -->\r\n        <div class=\"c-label\">\r\n            <label for=\"c_5ae0da0046b2b799ec81\">\r\n\t\t\t\tCaptcha            <\/label>\r\n        <\/div>\r\n\r\n        <!-- CAPTCHA data with ARIA LIVE region -->\r\n        <div class=\"c-data\" aria-live=\"polite\" aria-atomic=\"true\" aria-describedby=\"captcha-instructions\">\r\n\t\t\t<span class=\"captcha-image\"><img id=\"cpi_69f9e907431615.68205704\" alt=\"captcha\" loading=\"eager\" decoding=\"sync\" class=\"no-lazy skip-lazy\" data-skip-lazy=\"true\" data-no-lazy=\"1\" src=\"data:image\/png;base64,iVBORw0KGgoAAAANSUhEUgAAAH0AAAAeCAYAAAAB4BHRAAAACXBIWXMAAA7EAAAOxAGVKw4bAAAMrElEQVRoge2afXBU1d3HP\/uSzWZZFgxJhJBEQIxppLRSpEeK6KhLLaJP53l8aH306dhO7bZjX2ba6tahqX2xY7fz2KcUW7sdK8WijBWttS9WFpVAi6cMRJAQEWqABAIsed0km325e7d\/nHOzm02wYaZE7OQ7kzl3zz2\/c+493\/N7vYFJTGISk5jEJCbx7wDbu\/0A5xtSykrAC\/gAuxBi1zjl6oCXtJwX+IIQ4jF9zwl8FZgGPCCEMMaQdwIuvebAv+Jd\/lVwTuRiUsp64EUgAdwrhHhhHDLXAQuAuBDi8XNczw6cyOsypZTVQoiOcYivBGryfvvyru8Dvq+v\/x\/oHEM+hDoYbwAfGPdDTwDsE7yeD7WRtYB7nDL\/DawDwue6mBDCRB0wABP1vp8Zp\/jNwKk8+WkAUsoaYE3eOB9jw9L+CVWs8WCiSc8nOl540x8Iud5BZtT4cSKmW8us3\/3PBKSUHmAZsC1P3iJ3LeDJG\/6eI\/28PpCU8lbgBqACaAOO5N22NAh\/ILQQ5T8PAdcWTOMpHH+OiOn1W4DpQJ2UcoUQYsvZBPrjyZVTPcUu4GVgsZb3SilvAj4ODKD8PHltId77pEspq4A5QKsQokP\/vgdYggpYmoG1QoiDUspS4PfA0p7+BKd7BqmrmQG5jYCRmnscmMnYJt\/qM6SUTiGEoYOkZcA8PeduIURLoaA\/EPJEeweNtGFit9kqZ83wbgAeQmn7loKxduAwUPPI7\/Yk7r99KcAr+h0BSoF1GTPLkZO9P6qu8H2ruMgBZ9f0pG5H7LGUcrp+p6h2PxOOczHv64EdwK1SyttQG\/QN4HoUAZ8H9kgplwO\/A5YCf37k+d2xJ19upqc\/EWfkBgxrbiQc7AY6gOn+QKiqYF1L0yuBWinl54HTwKvAL4ENwAEpZaOUcmaB7OfW\/XZ33c9\/38TT21qWAU+gfPutUsqygrGLUYfImcmYXuC4EKKVnHlfCMx\/pvHNUxu2vPGtA0fPWHJnNe+P\/Wkva5\/dVSmltEspvyqlPAL0ACeBfinlkzq7mFCcC+lWxHsLsAll4tYA\/wE0oEj0tEdjkYNtXcuOnOq9VwjxsZSR+QvAtn3HQgXzFfroN3S7sKA\/X\/tDwKMok7oT2Igy2wDLUdYlH92g8tKu2JC3YX1jDUp7XcBdBWNXAJ02iKXSGUwzu033W6TP338kah44emYmgJExLat1VtK7YnFi8ZQT+CPwMCqI7QBSqMP8PyhFKTyA5xXnQvpx3a4Eenv6Ex9uWN\/4AyHEC0KIBw+f6H5s7XO7+MUfX3c9+XIzj7+47yF\/IPRZlNmn6fCpFLkNhNE+ulm3Cwr6h4OmeDK96q32rraNW5vvbljf6BdC\/K8Q4grgx3rIYinlijzZboCai6dZv+9BWQYYHdD5gW3FLqeRBc70xV\/T\/QMAPf0JntvxlmE9t5Exrec\/q09PpTNoF3AT8CtglhBiNjAFpSig3FrDmDOcJ4yLdH8gVLFjf7sPoKOzn4efkakfbf7b20CfPxB6yB8IuTZGmld19g1RPt1DcZEjhjLl64BjepoPMDKfLdT0fXnjrHXr26Ox0kTK4NntBwlt2snGrc01b7V3bQBO+AOh6\/XQ+8kdomvy5uwGmFriorrClwJue2LL\/u0oImu1K8IfCHkAAbw81eNyAciWE9YhLM2YWX6zrQUjY3YD\/weQzpE+jbFhpAyTYpcD4HkhxKeFEFEAIYQhhHgQ+JMeu+Isc5wXjDeQC23Z3XpXbVUpj\/95H8l0xvJDXpRfF2Y26wmsujJRVe5zZ0zzoW9v2HENyipYpmsB49P0hQD+QMgJ7NnadISMmeXY6T4cdhtks3tRvnc68Gt\/IHSJECIhpWxG+eV8H9kNMJRMc\/X7ZqfaozHv4RPdnwSeAz6F0vbtwHWAq6p8qnQXOb1neuPsPnQyIaV0A2Jr0xGOd\/YD3I6qMWBkzJReY0zz3tM\/5ARwOR0Aa\/2B0GpUJpNAxSMvoDKWlagAecIwXvP+OsAzjW9SUuzkqstnfQ0oQvl3A7VpD1eV+9oAHHb7ReSKKbNRPqwuYw5vFIzW9BY9V60\/EHJGwkED2NV6std97HQfC+dVcO9q8ZdIOHglcIkeX4kKJEEVUkAdBgu9APGUwRVzyz0of\/oFcib+Nh1N+4HjgVWL5njcRZZsKbDm8Ilu31\/3t7N8YY0ZCQe36WfEMDLWoR2TdO3LcTjsPLBh+\/3A08DngC8DvwVeymRMy\/K5dUYyIRgv6U0Ap3sGWX1tPbcurT0UCQeNSDj4B3Im6ii5YK8SkPr6g6j823n8TP\/weoX16kg4mAL+jgqy5uvunQDTphTzX8vrmFLiSuixvajACJT2wOgiCmh3MpRMY7fZ7E677VfAnIb1jR5U3cAN3Ikyr68AN5cUq72vq55RNzCUum9z40GqK3zcsGiOXUrpQpOeNt45kOsbTDoB2qMxTDO7CHgAuAN4RM9x4\/M7D12VJzJWYeq8YLyk77Uuqit8oIoVFl7V7UxywV5VJByMog7BQrTpPtHZP\/xiOpcvxFFLXrc7AMp8JdhtNhhZCduq26W6tUgfDqwi4aBhg9RQUvGz+PLKTagNvwcV+dM3mLgHqAciwE0lxUrTb1py6d2bG990ZUzTXH1dvbX+fy66bOZVAHa7zSJ7sZQyLKXcZMUIAANDKReAy2mnuMhxdSQc\/G4kHHwqEg5+CR0XnO4enJf3PheWpkfCwQGUtqI3MN9vNun2SkZqunXPbfW3RfvyT3NhPg45Pz8d4Jr3V7fYgL64VefIaVUkHGxDHbLFunw7UDgGwOGwDyTTGcxslpvF\/DjKn6\/Y2nTkVYDWk711ALdcfVkHUOW026IAB46eqX\/7ZC+3XH2ZvbjIQTyZpj+e2jS7bOoXAdKGOTPaM0h\/PDUHZbY\/ifb3APFEuhhg\/uxSvnnnssIPPH8FyJhmPtETRvq5LNQE1HbF4lSV+6rz+veiCh6LUMUSyBHaBKxCk3n0VF++dteTy80tWJvWC7Bi8byZB9u76OyNk0gZuF3OQlO6E1it1+7TfSNJt9tiRobSoaTBFHeRD\/gpsLpxX9tHb1w0d9fbHT1LvO6i2JK6ykUAZjbbDFzfdFiFCJu3HxxzM3YfOsnuQyf5UO3M+Mc\/cvmXUJZm+LPtQEL59IumumH0PpsANpstP5i94Mw76GCuo2sA8rQ0Eg7GUGa5Pp5MR3W3R0rpA\/bo3z6gczCRrjjY1mWJ5qdW+AOhu1AHYQDty4HlNRU+skBbNAajc+Idul1GTtNHjLHZbL2g\/DrgjYSD21Hu5jOJlPFka0cvdTVlblSRiaGksQugKzbUDaRskHK7HHiKnTjstm4gCuB02BPl0z1McRelhBCPCyE2CyHarHUTScMN4FHuopB0H4DDbsv\/zn7BajodXf0w0rxb9+bteKPN89GrLrX6qsjFAvWonP07T29rYfn7q5k7a\/pqfyD0a5R2fwKVugCsiYSDcZ0uBS65eBp7Dp2iLdpHbVXpWJoO8BFy1bgRY2w2K20z8u89Cvz0h0+\/Vp02TObPvsiFOjjmsdN9jag0VEbCwZullAuA\/Vrujob1jQYQmV3mbfrsyiuXAsZYlZVEOqN9ugPOSro9P4W9sHy6hiZ9pKZr7AE4cKwzP8Cr1H73ClRK9CDwByNj8sreY\/zyxX1lwGuo9GklSlO\/EgkHf6I\/5jwLzKupULWPttN9AE59GCzsRbkCL7lAzq4\/jQJgmtkoQFxpukX6E0AsbZhfBpg7azjLa+7oGmjV15YrytdGH+OM3pNppem6OFNour0ATof9XdH0cZMeCQe7i5z27mjPIBkzW6bTFwvPAbcnksZTqOBqN9pvRcLBlkg4aOq\/W+x22x2zZngPzprhpabCx4K55XxsyaUdX18tdn7v09feIKV8HfUJdiXADF9Jg8Nuix0\/04+ZzcLI6NwELo6Eg35GkpNv4nXaZgz368B0I+Byu5yt2gSDStu6Gfk10DpMBiooVXl6xrS+kLkK9gKAVDqjSC9ywmhCpwE4Hbb+vL4L0rwzw1eyuarMtyKZMqTHXeRGFV2IhIOH0NH9C+uofqc5Xnr0vqeAp6SU1wNfQZFbyWiXIYEGIcTWu9b8rHzB3PI7jYzZ4XI6Rmywzu9BBYV3o8gfNptpw3yrzFdimNlsByMPRgjYZ2TMZtTn4TiwNRIOdqIKTwAIIbqllCVCiASAPxD6INCaTGdaUdW8PsZA2jCtlG2sf\/7wAWSUFWpC7WNqjHHnBe\/6P0ZqUzwPVYp0ozSt2apTv1fhD4S8qBL0qUg4mCi4dyOq1r8xEg4efRcebxKTmMQkJjGJSfwb4B8aQPusbWN6\/gAAAABJRU5ErkJggg==\" \/><\/span>        <\/div>\r\n\r\n        <!-- CAPTCHA reload with keyboard accessibility -->\r\n        <div class=\"c-reload\" role=\"button\" tabindex=\"0\" aria-label=\"Od\u015bwie\u017c CAPTCHA\">\r\n\t\t\t<a href=\"#\" class=\"cf7 captcha-reload\" style=\"display:inline-flex !important; align-items:center !important; justify-content:center !important; background-color:#2196f3 !important; padding:3px !important; border-radius:3px !important; line-height:0 !important; box-sizing:content-box !important; text-decoration:none !important;\" title=\"Prze\u0142aduj Captcha\"><img decoding=\"async\" style=\"display:block !important; width:16px !important; height:16px !important; max-width:none !important; margin:0 !important; padding:0 !important;\" src=\"https:\/\/micro-idea.eu\/wp-content\/plugins\/captcha-for-contact-form-7\/core\/assets\/reload-icon.png\" alt=\"Prze\u0142aduj\"\/><\/a>        <\/div>\r\n\t\t    <\/div>\r\n\r\n    <!-- Hidden input values -->\r\n    <input type=\"hidden\" id=\"hash_c_5ae0da0046b2b799ec81\"\r\n           name=\"f12_captcha_hash\"\r\n           value=\"$2y$10$jH.foqo\/NnLIpfh4DR8KJ.XstL8ZmUbHu8WAQQSNG0E1l0thkXcQG\"\/>\r\n\r\n    <!-- Input field with accessibility attributes -->\r\n    <div class=\"\" >\r\n        <input class=\"f12c \"\r\n               data-method=\"image\"                type=\"text\"\r\n               id=\"c_5ae0da0046b2b799ec81\"\r\n               name=\"f12_captcha\"\r\n               placeholder=\"Captcha\"\r\n               value=\"\"\r\n               aria-required=\"true\"\r\n               aria-describedby=\"captcha-instructions\"\/>\r\n    <\/div>\r\n\r\n    <!-- Screen reader instructions -->\r\n    <p id=\"captcha-instructions\" class=\"screen-reader-text\">\r\n\t\tWpisz znaki widoczne w CAPTCHA, aby potwierdzi\u0107, \u017ce jeste\u015b cz\u0142owiekiem.    <\/p>\r\n<\/div><\/div>\t\t\t\t<div class=\"elementor-field-type-text\">\n\t\t\t\t\t<input size=\"1\" type=\"text\" name=\"form_fields[field_369ed97]\" id=\"form-field-field_369ed97\" class=\"elementor-field elementor-size-sm \" style=\"display:none !important;\">\t\t\t\t<\/div>\n\t\t\t\t\t\t\t\t<div class=\"elementor-field-group elementor-column elementor-field-type-submit elementor-col-30 e-form__buttons\">\n\t\t\t\t\t<button class=\"elementor-button elementor-size-sm\" type=\"submit\">\n\t\t\t\t\t\t<span class=\"elementor-button-content-wrapper\">\n\t\t\t\t\t\t\t\t\t\t\t\t\t\t\t\t\t\t\t\t\t\t<span class=\"elementor-button-text\">Wy\u015blij<\/span>\n\t\t\t\t\t\t\t\t\t\t\t\t\t<\/span>\n\t\t\t\t\t<\/button>\n\t\t\t\t<\/div>\n\t\t\t<\/div>\n\t\t<\/form>\n\t\t\t\t\t\t<\/div>\n\t\t\t\t<\/div>\n\t\t\t\t\t<\/div>\n\t\t\t\t<\/div>\n\t\t\t\t\t<\/div>\n\t\t\t\t<\/div>\n\t\t\t\t<div class=\"elementor-element elementor-element-430bb48 elementor-widget elementor-widget-spacer\" data-id=\"430bb48\" data-element_type=\"widget\" data-e-type=\"widget\" data-widget_type=\"spacer.default\">\n\t\t\t\t<div class=\"elementor-widget-container\">\n\t\t\t\t\t\t\t<div class=\"elementor-spacer\">\n\t\t\t<div class=\"elementor-spacer-inner\"><\/div>\n\t\t<\/div>\n\t\t\t\t\t\t<\/div>\n\t\t\t\t<\/div>\n\t\t\t\t\t<\/div>\n\t\t\t\t<\/div>\n\t\t\t\t\t<\/div>\n\t\t\t\t<\/div>\n\t\t\t\t<\/div>\n\t\t","protected":false},"excerpt":{"rendered":"<p>Skontaktuj si\u0119 z nami Obserwuj nasz\u0105 podr\u00f3\u017c! Zainspiruj si\u0119 nasyzmi materia\u0142ami na social mediach i obserwuj po wi\u0119cej nadchodz\u0105cych dzia\u0142a\u0144! Obserwuj nas na: Facebook Instagram Linkedin Youtube<\/p>\n","protected":false},"author":3,"featured_media":0,"parent":0,"menu_order":0,"comment_status":"closed","ping_status":"closed","template":"","meta":{"footnotes":""},"class_list":["post-2048","page","type-page","status-publish","hentry"],"_links":{"self":[{"href":"https:\/\/micro-idea.eu\/pl\/wp-json\/wp\/v2\/pages\/2048","targetHints":{"allow":["GET"]}}],"collection":[{"href":"https:\/\/micro-idea.eu\/pl\/wp-json\/wp\/v2\/pages"}],"about":[{"href":"https:\/\/micro-idea.eu\/pl\/wp-json\/wp\/v2\/types\/page"}],"author":[{"embeddable":true,"href":"https:\/\/micro-idea.eu\/pl\/wp-json\/wp\/v2\/users\/3"}],"replies":[{"embeddable":true,"href":"https:\/\/micro-idea.eu\/pl\/wp-json\/wp\/v2\/comments?post=2048"}],"version-history":[{"count":1,"href":"https:\/\/micro-idea.eu\/pl\/wp-json\/wp\/v2\/pages\/2048\/revisions"}],"predecessor-version":[{"id":2049,"href":"https:\/\/micro-idea.eu\/pl\/wp-json\/wp\/v2\/pages\/2048\/revisions\/2049"}],"wp:attachment":[{"href":"https:\/\/micro-idea.eu\/pl\/wp-json\/wp\/v2\/media?parent=2048"}],"curies":[{"name":"wp","href":"https:\/\/api.w.org\/{rel}","templated":true}]}}