{"id":2054,"date":"2024-03-20T08:06:27","date_gmt":"2024-03-20T08:06:27","guid":{"rendered":"https:\/\/micro-idea.eu\/skontaktuj-sie-z-dpo\/"},"modified":"2025-01-24T12:13:48","modified_gmt":"2025-01-24T12:13:48","slug":"skontaktuj-sie-z-dpo","status":"publish","type":"page","link":"https:\/\/micro-idea.eu\/pl\/skontaktuj-sie-z-dpo\/","title":{"rendered":"Skontaktuj si\u0119 z DPO"},"content":{"rendered":"\t\t<div data-elementor-type=\"wp-page\" data-elementor-id=\"2054\" class=\"elementor elementor-2054 elementor-205\" data-elementor-post-type=\"page\">\n\t\t\t\t<div class=\"elementor-element elementor-element-770feaf e-flex e-con-boxed e-con e-parent\" data-id=\"770feaf\" data-element_type=\"container\" data-e-type=\"container\">\n\t\t\t\t\t<div class=\"e-con-inner\">\n\t\t\t\t<div class=\"elementor-element elementor-element-2a8f0c0 elementor-widget elementor-widget-heading\" data-id=\"2a8f0c0\" data-element_type=\"widget\" data-e-type=\"widget\" data-widget_type=\"heading.default\">\n\t\t\t\t<div class=\"elementor-widget-container\">\n\t\t\t\t\t<h2 class=\"elementor-heading-title elementor-size-default\">Contact our Data Protection Officer<\/h2>\t\t\t\t<\/div>\n\t\t\t\t<\/div>\n\t\t\t\t<div class=\"elementor-element elementor-element-83a9c94 elementor-button-align-stretch elementor-widget elementor-widget-form\" data-id=\"83a9c94\" data-element_type=\"widget\" data-e-type=\"widget\" data-settings=\"{&quot;step_next_label&quot;:&quot;Next&quot;,&quot;step_previous_label&quot;:&quot;Previous&quot;,&quot;button_width&quot;:&quot;100&quot;,&quot;step_type&quot;:&quot;number_text&quot;,&quot;step_icon_shape&quot;:&quot;circle&quot;}\" data-widget_type=\"form.default\">\n\t\t\t\t<div class=\"elementor-widget-container\">\n\t\t\t\t\t\t\t<form class=\"elementor-form\" method=\"post\" name=\"New Form\" aria-label=\"New Form\">\n\t\t\t<input type=\"hidden\" name=\"post_id\" value=\"2054\"\/>\n\t\t\t<input type=\"hidden\" name=\"form_id\" value=\"83a9c94\"\/>\n\t\t\t<input type=\"hidden\" name=\"referer_title\" value=\"\" \/>\n\n\t\t\t\n\t\t\t<div class=\"elementor-form-fields-wrapper elementor-labels-above\">\n\t\t\t\t\t\t\t\t<div class=\"elementor-field-type-text elementor-field-group elementor-column elementor-field-group-name elementor-col-50 elementor-field-required\">\n\t\t\t\t\t\t\t\t\t\t\t\t<label for=\"form-field-name\" class=\"elementor-field-label\">\n\t\t\t\t\t\t\t\tName\t\t\t\t\t\t\t<\/label>\n\t\t\t\t\t\t\t\t\t\t\t\t\t\t<input size=\"1\" type=\"text\" name=\"form_fields[name]\" id=\"form-field-name\" class=\"elementor-field elementor-size-sm  elementor-field-textual\" placeholder=\"your name\" required=\"required\">\n\t\t\t\t\t\t\t\t\t\t\t<\/div>\n\t\t\t\t\t\t\t\t<div class=\"elementor-field-type-text elementor-field-group elementor-column elementor-field-group-field_c8bd11f elementor-col-50 elementor-field-required\">\n\t\t\t\t\t\t\t\t\t\t\t\t<label for=\"form-field-field_c8bd11f\" class=\"elementor-field-label\">\n\t\t\t\t\t\t\t\tSurname\t\t\t\t\t\t\t<\/label>\n\t\t\t\t\t\t\t\t\t\t\t\t\t\t<input size=\"1\" type=\"text\" name=\"form_fields[field_c8bd11f]\" id=\"form-field-field_c8bd11f\" class=\"elementor-field elementor-size-sm  elementor-field-textual\" placeholder=\"your surname\" required=\"required\">\n\t\t\t\t\t\t\t\t\t\t\t<\/div>\n\t\t\t\t\t\t\t\t<div class=\"elementor-field-type-email elementor-field-group elementor-column elementor-field-group-email elementor-col-50 elementor-field-required\">\n\t\t\t\t\t\t\t\t\t\t\t\t<label for=\"form-field-email\" class=\"elementor-field-label\">\n\t\t\t\t\t\t\t\tEmail\t\t\t\t\t\t\t<\/label>\n\t\t\t\t\t\t\t\t\t\t\t\t\t\t<input size=\"1\" type=\"email\" name=\"form_fields[email]\" id=\"form-field-email\" class=\"elementor-field elementor-size-sm  elementor-field-textual\" placeholder=\"your email\" required=\"required\">\n\t\t\t\t\t\t\t\t\t\t\t<\/div>\n\t\t\t\t\t\t\t\t<div class=\"elementor-field-type-select elementor-field-group elementor-column elementor-field-group-select elementor-col-50 elementor-field-required\">\n\t\t\t\t\t\t\t\t\t\t\t\t<label for=\"form-field-select\" class=\"elementor-field-label\">\n\t\t\t\t\t\t\t\tI want to\t\t\t\t\t\t\t<\/label>\n\t\t\t\t\t\t\t\t<div class=\"elementor-field elementor-select-wrapper remove-before \">\n\t\t\t<div class=\"select-caret-down-wrapper\">\n\t\t\t\t<svg aria-hidden=\"true\" class=\"e-font-icon-svg e-eicon-caret-down\" viewBox=\"0 0 571.4 571.4\" xmlns=\"http:\/\/www.w3.org\/2000\/svg\"><path d=\"M571 393Q571 407 561 418L311 668Q300 679 286 679T261 668L11 418Q0 407 0 393T11 368 36 357H536Q550 357 561 368T571 393Z\"><\/path><\/svg>\t\t\t<\/div>\n\t\t\t<select name=\"form_fields[select]\" id=\"form-field-select\" class=\"elementor-field-textual elementor-size-sm\" required=\"required\">\n\t\t\t\t\t\t\t\t\t<option value=\"---------------\">---------------<\/option>\n\t\t\t\t\t\t\t\t\t<option value=\"learn what data of mine you have\">learn what data of mine you have<\/option>\n\t\t\t\t\t\t\t\t\t<option value=\"delete any data you have on me\">delete any data you have on me<\/option>\n\t\t\t\t\t\t\t\t\t<option name=\"form_fields[select]\" id=\"form-field-select\" class=\"elementor-field-textual elementor-size-sm\" required=\"required\" value=\"report abuse of intelectual ownership copyright\">report abuse of intelectual ownership copyright<\/option>\n\t\t\t\t\t\t\t<\/select>\n\t\t<\/div>\n\t\t\t\t\t\t<\/div>\n\t\t\t\t<div class=\"elementor-field-type-text elementor-field-group elementor-column elementor-field-group-text elementor-col-100 elementor-field-required\"><input type=\"hidden\" name=\"php_start_time\" value=\"1777734971.0023\" \/><input type=\"hidden\" name=\"js_end_time\" class=\"js_end_time\" value=\"\" \/><input type=\"hidden\" name=\"js_start_time\" class=\"js_start_time\" value=\"\" \/><div class=\"f12-captcha template-2\">\r\n    <div class=\"c-header\">\r\n        <!-- Label correctly linked with `for` -->\r\n        <div class=\"c-label\">\r\n            <label for=\"c_b573f7468458f171bade\">\r\n\t\t\t\tCaptcha            <\/label>\r\n        <\/div>\r\n\r\n        <!-- CAPTCHA data with ARIA LIVE region -->\r\n        <div class=\"c-data\" aria-live=\"polite\" aria-atomic=\"true\" aria-describedby=\"captcha-instructions\">\r\n\t\t\t<span class=\"captcha-image\"><img id=\"cpi_69f6153b94c353.37688938\" alt=\"captcha\" loading=\"eager\" decoding=\"sync\" class=\"no-lazy skip-lazy\" data-skip-lazy=\"true\" data-no-lazy=\"1\" src=\"data:image\/png;base64,iVBORw0KGgoAAAANSUhEUgAAAH0AAAAeCAYAAAAB4BHRAAAACXBIWXMAAA7EAAAOxAGVKw4bAAALtUlEQVRoge2ae3DU1RXHP9ndbNawhIUixIi8BRorIiJeqY4UXd8gKgXxUXQY3Nb6qFJmq63jdGira+tjoDKuiohFwIpPKAILWBTh8tRESBBCwBACSZZks8mGZLOP\/nHvwhp2yS4PFZvvzM7vd3\/3nHPP7557zj3n\/hba0Y52tKMd7WjHjwEZ37cCbUFKaQC6ATlAqRAi9D2rdMbDlCqhlHIU8DEQBDYLIX6RIl8X4F+6WQE4hBCRNHQcDqzX9wOBnakySik\/BMYAIaC7EKImRb5soBKwAq8JIaakoe8PHoZUCYUQq4FFqIkYKaW8O0XW54Ab9W9xmgYH8Mfd56TJO0dfTcD4NPhuQ70nwOw0x\/zBI2WjazwK+PS9S3tEUkgpRwL36ubrQoiP0hwPTs7oSwCvvr8rDb579HWnEEKmOeYPHmkZXQhRBTh1Mw\/4YzJaKaUZeFU3S4FHTkRBvm10a1KqBND7\/3zdHCGl7NkWj5QyF7hGN0+pl0spLW05yneBlPf0GIQQr0gpJwEjgMeklK8KIfYmIH0K6A9EgElCiIYT1DGe7xhPl1L2AH6j+\/YLIZ5pRTIHeBi1wO8Anm1jvLs1bQRYJ6XMF0IUSSltwFg9ThWwTAjha80spbQAQwCbEGKZlLIrMA0YB\/TVNKXAS0KI59vQ5bQg5ezd7nCZUAlVXvfOHeY\/OHbY71CL5j0hxO3xtFLK\/OIyb0E0isl6VuYr48dc59DPqwEzcAlqm3gAsAM2oAx4WwjxZpwcAUwEHkQZ4g1g8pNz1pg8bmdQSmkFPgcGo8L4ZUKI0ta6SykLlshdg21WS8XyTaW9PG5n0gpASlmg5W0Ghmm9RgOrgK5xpL2EEGUJ+K8APtP6XAl4gB5JhpshhDjRCHjCSDm864l6HMirrA38+mBNw2u66zYpZSwcIqU0bCjev3j+qu2m99d+HXpr5bbpcWJsKE8ZBmwH\/gxcAfwMlejNlVLO1XJeQi2ymJcC3BuJRFcBB+wO13LgXZSBmoDRiQyuMaf0gI\/lm0rzLs8\/9+Zk7yilHKzlAbytr12ABVr3fwPzgHWJDK5Roq9dgcUog78OXARkAZcDhZrmQSnlgGT6nC6ktad73M6VwHuAddZHW7oAe3XXbO117K6onblic2nfDKBPrm3KhzOmlicYbzYqSjyEmoyrv953qGju8kJeWLThV3c5Z9YWl3kfQFULE1DhFICKQ\/UjgS7ndu04CLgWFYbvaSPhmpfbWaUD2VmZk45DNwmguMzb8PZ\/i2JjWoF81KKaIIS4Rwjx82QChBAHgUbd7A88I4SYLIQoFEIEtZ63ar0NqC3jO0Xaezoqg78+GmX8yi17nNdc0scF9ATmrF7z2TuzlxY8EAxFuKBX1yUvPjH5DbvDZUZ5ckU4EjWs27aPwj3V2dW+gDccifYBXkN5xaC4MWzzV20HeM7jdkoppRN1QFO1u6K2G8CQft1jSZlTCLHoeAoLIbxPzZi3AxgUCkdGJqLRh0B3eusaWbBqe7bJaHDHdW8VQixLY45KUBEjBPw1gT6lUsqtqIh3cRpyTwnSNrrH7SyzO1xPA9PXFJZNHHVx7\/cMhozbgHErNu8ZV+UL0Du3k\/fFJyaP1iwjgE8MGRkPvftpMV\/tqY6J6gk8hqoChgBrJ47K72nrYOm96ou9oZ3lNSbAAUiOZvAHd+1XRu+X1xngZSHEP1LROxplEfCnukCzTUopEkSGa4HcJet3EQVDSzjyOODa9HWFeevOg93sDldXIBfl9dLjdiYL76CNvnFHRcPi9bvesjtcU1DePxjl3UUczRkGJRdzepBunR7Ds6gXG\/L8og2bAH9haRVbdh7AZrVELh14zlVxtEUA0Wh08rY91Yy4oAe3XjFwBnATKtm5AxVCr87vdfbevK4dGX35+Ws17zB99QMEW8I9yqv95GSbOduWDTA3VYW\/LKl8FaC6rhES1+yTvtpTxe4DPoCtwAygZl+Vn3JvfQ\/U4U4Baq\/fY3e4+h9nuBKA8mq\/GXUi+CjqhO9zVJJX+fLirUNbQhFQW8B3ihMyusftDKLr7rpA87R128sXfvj512QaDVwztPef77\/zlqI42irAF4Uhl+Wfyw3D+zH0\/Nz1HrdzKeq0DmClThQNADarpQyVLwywO1wGdNm2t7KuSzgSjXk5qMQv2+5wjbI7XM\/ZHa4b7Q5Xwjr4o5lTyzKNhuAhfyPAeB3OAZBSWptbQmM\/3rAb1F472eN2RoCa+sZgjOzvwFJUMvemx+0sITl2ATQ2h2K6\/AG1cJehFpRpv7d++IotpQBWKWW348g65TiRPR0Aj9u51O5wLQFu\/njj7vsBbr9yEBf1674kAfkOQAzo0SXWjoXrT\/XV3EqfICpC9EbVtn6A3RW1APTJtTUC2Yf8hwe8s6a4GLVVNKH20JjMY2AwZGxrCoaHBppaunWwZF4DrNBd41Z\/8Y2l\/nCQrEzjrCX\/\/P2X+nlNXWNzjH26x+1sfQaQDCUA\/qO881ALKQhgd7geBGYW7a3mpsv6g\/L2qgRyTgtONLzH8Ahqsrl04DkM6d8d1MS3xg6AaPRIO+Y+sYjQV1\/jjb5D3w9CG71kvzL6OT+x1sxfvb1w5vub2O+t72mzZq0FBnrcTqfH7Ux6CNTcEl4L4G0V4sur\/b+VReV0sGQ2NreEp8Wx+OobmzFkZADMSiY3AUoA6o8a\/dGYwTVmAZFg6MhniO80xJ+U0T1uZylQDnDlhUdOOBMZfTuAP9D8LRqP2+lDrfB8\/dwU11+s7\/OB+obDQap8AUzGDGZ\/XJBX\/I13cJeOZwXvv+lipv5SDJh+31WxMul4KIAjRh8rpTRLKfOWbSodFonCkH7dXR63sylGfDgY8jcFw9isWY0et9OfTGhrCCHKw5FIMHC4haxMY5XH7fTG9+utA4vZFJur81OVfSpwsp4O+jw8y2yMtZN6uk6iWtPsAHLsDlcuR8N8iKNR4KeAPxbaQ+EokYgKGS2h8OrzuuVEUOXcHNpGIUC1rxHUIdGoJXKX65vKOi7sc3bT9cP7\/S2euKo2EATo3NGS9jd8f6C5LAp06pAVbN1nd7i6AYazzKZYVDpzPF0jB8BsSsHovkCsHT8RMeMO4jjhPWb0ERf0YNoEUQRU+QLNIhSOzNB0N0sp729D121AaF+1vwqg4XBwQsHuqjuys0xcO6zvG63\/oFFZq\/Tt1MGS9jxV+RoPAtislkTdeQBZZmPs+\/6ZY3SdWWdnQMRkPCIqkdFLgVAST48P40fCu8ftrAEWAv8BGnZX1GI0ZHD10N5YzKYm4APA9vT8dZ9xdIG8IKVMOoE6dJdUag9e\/cXeO5uCIdMNw\/tjs1peak1fWRtQ1USHLHPrvrZwsKbBB9C1U3aiaqIHQKbREDutPHOMjg7tRqOhKe7ZMeHM43ZGTEZDWV1DM7o2jTf6RpRxSzka3ls030SP2\/mXjTsqbP7GID275cQiSgh4HyAYCt+K+v4dArKBBfHlWAIUNreEbZW1Af+WnQfM\/fM6M6R\/981CiG2tCWvqD5sBbB0tZillWpVOZW2gCaBLR0ui\/wDkAfgCzeuAycAt6cg+WZxwyaaRA2A0ZARREw6JPR2bNWt1r+6d+raEw2SaDEcWhsftlKhTN6bfJ02JZGzZeWAgQO9cWxNg0f0rUVn9mCfnrJk8\/b6rbkft7X7UR5JvJU9xKADGL\/ykqMJoMOSMGTEAkuQDNX5ldLPJuE2\/X8rJ3H5vfRNAMBReJKU0CyHineE8gGpf45a2jpBPB07W6DXABJPRYEYZzqSfHYMFzz48RUr5CMqbk03e1ajJrYh\/WHGowQP0DYbC76IM7vW4nSG7w7UUdaJ3oxDigxR1LgTw1jXmAVNvsI9M+k27pr7pIWDmwk+KtqaTvWteJzBnxeY9X06bMr519MvW71F+LOfpxw\/+37DHg93hGge8Ayz0uJ0TU+Qxoz7nDgJejpVP\/084WU\/\/vvEBcB2Q9FNna+hDktX61452tKMdP1L8D78Wm5ntaNI0AAAAAElFTkSuQmCC\" \/><\/span>        <\/div>\r\n\r\n        <!-- CAPTCHA reload with keyboard accessibility -->\r\n        <div class=\"c-reload\" role=\"button\" tabindex=\"0\" aria-label=\"Od\u015bwie\u017c CAPTCHA\">\r\n\t\t\t<a href=\"#\" class=\"cf7 captcha-reload\" style=\"display:inline-flex !important; align-items:center !important; justify-content:center !important; background-color:#2196f3 !important; padding:3px !important; border-radius:3px !important; line-height:0 !important; box-sizing:content-box !important; text-decoration:none !important;\" title=\"Prze\u0142aduj Captcha\"><img decoding=\"async\" style=\"display:block !important; width:16px !important; height:16px !important; max-width:none !important; margin:0 !important; padding:0 !important;\" src=\"https:\/\/micro-idea.eu\/wp-content\/plugins\/captcha-for-contact-form-7\/core\/assets\/reload-icon.png\" alt=\"Prze\u0142aduj\"\/><\/a>        <\/div>\r\n\t\t    <\/div>\r\n\r\n    <!-- Hidden input values -->\r\n    <input type=\"hidden\" id=\"hash_c_b573f7468458f171bade\"\r\n           name=\"f12_captcha_hash\"\r\n           value=\"$2y$10$2QoA\/MSx3hg1LiRS51Wib.0YJw3S0fN3atM8U15GSHYEaXvO8ePxS\"\/>\r\n\r\n    <!-- Input field with accessibility attributes -->\r\n    <div class=\"\" >\r\n        <input class=\"f12c \"\r\n               data-method=\"image\"                type=\"text\"\r\n               id=\"c_b573f7468458f171bade\"\r\n               name=\"f12_captcha\"\r\n               placeholder=\"Captcha\"\r\n               value=\"\"\r\n               aria-required=\"true\"\r\n               aria-describedby=\"captcha-instructions\"\/>\r\n    <\/div>\r\n\r\n    <!-- Screen reader instructions -->\r\n    <p id=\"captcha-instructions\" class=\"screen-reader-text\">\r\n\t\tWpisz znaki widoczne w CAPTCHA, aby potwierdzi\u0107, \u017ce jeste\u015b cz\u0142owiekiem.    <\/p>\r\n<\/div><\/div>\t\t\t\t<div class=\"elementor-field-type-text\">\n\t\t\t\t\t<input size=\"1\" type=\"text\" name=\"form_fields[field_728f760]\" id=\"form-field-field_728f760\" class=\"elementor-field elementor-size-sm \" style=\"display:none !important;\">\t\t\t\t<\/div>\n\t\t\t\t\t\t\t\t<div class=\"elementor-field-group elementor-column elementor-field-type-submit elementor-col-100 e-form__buttons\">\n\t\t\t\t\t<button class=\"elementor-button elementor-size-sm\" type=\"submit\">\n\t\t\t\t\t\t<span class=\"elementor-button-content-wrapper\">\n\t\t\t\t\t\t\t\t\t\t\t\t\t\t\t\t\t\t\t\t\t\t<span class=\"elementor-button-text\">Send<\/span>\n\t\t\t\t\t\t\t\t\t\t\t\t\t<\/span>\n\t\t\t\t\t<\/button>\n\t\t\t\t<\/div>\n\t\t\t<\/div>\n\t\t<\/form>\n\t\t\t\t\t\t<\/div>\n\t\t\t\t<\/div>\n\t\t\t\t<div class=\"elementor-element elementor-element-8a83a24 elementor-widget elementor-widget-spacer\" data-id=\"8a83a24\" data-element_type=\"widget\" data-e-type=\"widget\" data-widget_type=\"spacer.default\">\n\t\t\t\t<div class=\"elementor-widget-container\">\n\t\t\t\t\t\t\t<div class=\"elementor-spacer\">\n\t\t\t<div class=\"elementor-spacer-inner\"><\/div>\n\t\t<\/div>\n\t\t\t\t\t\t<\/div>\n\t\t\t\t<\/div>\n\t\t\t\t\t<\/div>\n\t\t\t\t<\/div>\n\t\t\t\t<\/div>\n\t\t","protected":false},"excerpt":{"rendered":"<p>Contact our Data Protection Officer<\/p>\n","protected":false},"author":3,"featured_media":0,"parent":0,"menu_order":0,"comment_status":"closed","ping_status":"closed","template":"","meta":{"footnotes":""},"class_list":["post-2054","page","type-page","status-publish","hentry"],"_links":{"self":[{"href":"https:\/\/micro-idea.eu\/pl\/wp-json\/wp\/v2\/pages\/2054","targetHints":{"allow":["GET"]}}],"collection":[{"href":"https:\/\/micro-idea.eu\/pl\/wp-json\/wp\/v2\/pages"}],"about":[{"href":"https:\/\/micro-idea.eu\/pl\/wp-json\/wp\/v2\/types\/page"}],"author":[{"embeddable":true,"href":"https:\/\/micro-idea.eu\/pl\/wp-json\/wp\/v2\/users\/3"}],"replies":[{"embeddable":true,"href":"https:\/\/micro-idea.eu\/pl\/wp-json\/wp\/v2\/comments?post=2054"}],"version-history":[{"count":1,"href":"https:\/\/micro-idea.eu\/pl\/wp-json\/wp\/v2\/pages\/2054\/revisions"}],"predecessor-version":[{"id":2055,"href":"https:\/\/micro-idea.eu\/pl\/wp-json\/wp\/v2\/pages\/2054\/revisions\/2055"}],"wp:attachment":[{"href":"https:\/\/micro-idea.eu\/pl\/wp-json\/wp\/v2\/media?parent=2054"}],"curies":[{"name":"wp","href":"https:\/\/api.w.org\/{rel}","templated":true}]}}